{"id":12903,"date":"2025-01-28T06:47:14","date_gmt":"2025-01-28T06:47:14","guid":{"rendered":"https:\/\/powerup-at.s4.klixpert.dev\/?page_id=12903"},"modified":"2025-01-30T07:49:18","modified_gmt":"2025-01-30T07:49:18","slug":"widerrufsrecht","status":"publish","type":"page","link":"https:\/\/powerup-at.s4.klixpert.dev\/de\/widerrufsrecht\/","title":{"rendered":"Widerrufsrecht"},"content":{"rendered":"\n<h1 class=\"hx wp-block-heading\">Widerrufsrecht<\/h1>\n\n\n\n<p>F\u00fcr Unternehmer besteht kein gesetzliches R\u00fccktrittsrecht gem\u00e4\u00df \u00a7 1 FAGG (Fern- und Ausw\u00e4rtsgesch\u00e4fte-Gesetz). PowerUP GmbH gew\u00e4hrt dar\u00fcber hinaus kein vertragliches R\u00fccktrittsrecht. Alle K\u00e4ufe sind verbindlich und k\u00f6nnen nicht storniert werden.<\/p>\n\n\n\n<p>Details zum Widerrufsrecht entnehmen Sie bitte unseren <a href=\"https:\/\/powerup-at.s4.klixpert.dev\/de\/allgemeine-geschaeftsbedingungen\/\" data-type=\"page\" data-id=\"2987\">Allgemeinen Gesch\u00e4ftsbedingungen<\/a>. <\/p>\n\n\n\n<h2 class=\"hx wp-block-heading\">Sie ben\u00f6tigen Hilfe?<\/h2>\n\n\n\n<p>Kontaktieren Sie uns und wir helfen Ihnen weiter.<\/p>\n\n\n\n<p>PowerUP GmbH<br \/>Sportplatzweg 2<br \/>6135 Stans, Tirol<br \/>Austria<\/p>\n\n\n\n<p>Phone: +43 5242 64 666<br \/>E-Mail: office@powerup.at<\/p>\n","protected":false},"excerpt":{"rendered":"<p>Widerrufsrecht F\u00fcr Unternehmer besteht kein gesetzliches R\u00fccktrittsrecht gem\u00e4\u00df \u00a7 1 FAGG (Fern- und Ausw\u00e4rtsgesch\u00e4fte-Gesetz). PowerUP GmbH gew\u00e4hrt dar\u00fcber hinaus kein vertragliches R\u00fccktrittsrecht. Alle K\u00e4ufe sind verbindlich und k\u00f6nnen nicht storniert werden. Details zum Widerrufsrecht entnehmen Sie bitte unseren Allgemeinen Gesch\u00e4ftsbedingungen. Sie ben\u00f6tigen Hilfe? Kontaktieren Sie uns und wir helfen Ihnen weiter. PowerUP GmbHSportplatzweg 26135 Stans, [&hellip;]<\/p>\n","protected":false},"author":1,"featured_media":0,"parent":0,"menu_order":31,"comment_status":"closed","ping_status":"closed","template":"","meta":{"_acf_changed":false,"footnotes":""},"class_list":["post-12903","page","type-page","status-publish","hentry"],"acf":[],"_links":{"self":[{"href":"https:\/\/powerup-at.s4.klixpert.dev\/de\/wp-json\/wp\/v2\/pages\/12903","targetHints":{"allow":["GET"]}}],"collection":[{"href":"https:\/\/powerup-at.s4.klixpert.dev\/de\/wp-json\/wp\/v2\/pages"}],"about":[{"href":"https:\/\/powerup-at.s4.klixpert.dev\/de\/wp-json\/wp\/v2\/types\/page"}],"author":[{"embeddable":true,"href":"https:\/\/powerup-at.s4.klixpert.dev\/de\/wp-json\/wp\/v2\/users\/1"}],"replies":[{"embeddable":true,"href":"https:\/\/powerup-at.s4.klixpert.dev\/de\/wp-json\/wp\/v2\/comments?post=12903"}],"version-history":[{"count":0,"href":"https:\/\/powerup-at.s4.klixpert.dev\/de\/wp-json\/wp\/v2\/pages\/12903\/revisions"}],"wp:attachment":[{"href":"https:\/\/powerup-at.s4.klixpert.dev\/de\/wp-json\/wp\/v2\/media?parent=12903"}],"curies":[{"name":"wp","href":"https:\/\/api.w.org\/{rel}","templated":true}]}}