{"id":20705,"date":"2025-01-28T07:05:42","date_gmt":"2025-01-28T07:05:42","guid":{"rendered":"https:\/\/powerup-at.s4.klixpert.dev\/?page_id=20705"},"modified":"2025-01-28T07:41:13","modified_gmt":"2025-01-28T07:41:13","slug":"versandarten","status":"publish","type":"page","link":"https:\/\/powerup-at.s4.klixpert.dev\/de\/versandarten\/","title":{"rendered":"Versandarten"},"content":{"rendered":"\n<h1 class=\"hx wp-block-heading\">Versandarten<\/h1>\n\n<p>Der Versand unserer Pakete erfolgt standardm\u00e4\u00dfig mit DHL nach Deutschland und \u00d6sterreich. Die Lieferzeit betr\u00e4gt in der Regel 3-5 Werktage. Sollte es zu l\u00e4ngeren Lieferzeiten kommen, wird dies w\u00e4hrend des Checkout-Prozesses im Warenkorb klar angegeben.<\/p>\n\n<p>Die Versandkosten werden je nach Land und Zone w\u00e4hrend des Checkout-Prozesses berechnet und transparent dargestellt. Mit der Zeit werden weitere L\u00e4nder zum Shop hinzugef\u00fcgt, sodass der Versand in zus\u00e4tzliche Regionen m\u00f6glich wird. F\u00fcr weitere Details oder spezielle W\u00fcnsche wenden Sie sich bitte an uns.<\/p>\n\n<p>Falls Sie einen speziellen Versanddienstleister bevorzugen, k\u00f6nnen Sie uns gerne kontaktieren.<\/p>\n\n<p>PowerUP GmbH<br \/>Sportplatzweg 2<br \/>6135 Stans, Tirol<br \/>Austria<\/p>\n\n<p>Telefon: +43 5242 64 666&#13;\nE-Mail: office@powerup.at<\/p>\n","protected":false},"excerpt":{"rendered":"<p>Versandarten Der Versand unserer Pakete erfolgt standardm\u00e4\u00dfig mit DHL nach Deutschland und \u00d6sterreich. Die Lieferzeit betr\u00e4gt in der Regel 3-5 Werktage. Sollte es zu l\u00e4ngeren Lieferzeiten kommen, wird dies w\u00e4hrend des Checkout-Prozesses im Warenkorb klar angegeben. Die Versandkosten werden je nach Land und Zone w\u00e4hrend des Checkout-Prozesses berechnet und transparent dargestellt. Mit der Zeit werden [&hellip;]<\/p>\n","protected":false},"author":21,"featured_media":0,"parent":0,"menu_order":16,"comment_status":"closed","ping_status":"closed","template":"","meta":{"_acf_changed":false,"footnotes":""},"class_list":["post-20705","page","type-page","status-publish","hentry"],"acf":[],"_links":{"self":[{"href":"https:\/\/powerup-at.s4.klixpert.dev\/de\/wp-json\/wp\/v2\/pages\/20705","targetHints":{"allow":["GET"]}}],"collection":[{"href":"https:\/\/powerup-at.s4.klixpert.dev\/de\/wp-json\/wp\/v2\/pages"}],"about":[{"href":"https:\/\/powerup-at.s4.klixpert.dev\/de\/wp-json\/wp\/v2\/types\/page"}],"author":[{"embeddable":true,"href":"https:\/\/powerup-at.s4.klixpert.dev\/de\/wp-json\/wp\/v2\/users\/21"}],"replies":[{"embeddable":true,"href":"https:\/\/powerup-at.s4.klixpert.dev\/de\/wp-json\/wp\/v2\/comments?post=20705"}],"version-history":[{"count":0,"href":"https:\/\/powerup-at.s4.klixpert.dev\/de\/wp-json\/wp\/v2\/pages\/20705\/revisions"}],"wp:attachment":[{"href":"https:\/\/powerup-at.s4.klixpert.dev\/de\/wp-json\/wp\/v2\/media?parent=20705"}],"curies":[{"name":"wp","href":"https:\/\/api.w.org\/{rel}","templated":true}]}}