{"id":20712,"date":"2025-01-28T07:19:17","date_gmt":"2025-01-28T07:19:17","guid":{"rendered":"https:\/\/powerup-at.s4.klixpert.dev\/?page_id=20712"},"modified":"2025-01-28T07:24:33","modified_gmt":"2025-01-28T07:24:33","slug":"zahlungsmethoden","status":"publish","type":"page","link":"https:\/\/powerup-at.s4.klixpert.dev\/de\/zahlungsmethoden\/","title":{"rendered":"Zahlungsmethoden"},"content":{"rendered":"\n<h1 class=\"hx wp-block-heading\">Zahlungsmethoden<\/h1>\n\n\n\n<p>Wir bieten Ihnen folgende Zahlungsm\u00f6glichkeiten an:<\/p>\n\n\n\n<h2 class=\"hx wp-block-heading\">Kreditkarte<\/h2>\n\n\n\n<p>Bezahlen Sie sicher und bequem mit allen g\u00e4ngigen Kreditkarten. Die Abwicklung erfolgt \u00fcber unseren Partner Stripe.<\/p>\n\n\n\n<h2 class=\"hx wp-block-heading\">Apple Pay \/ Google Pay<\/h2>\n\n\n\n<p>Nutzen Sie einen schnellen und sicheren Checkout-Prozess mit Apple Pay oder Google Pay. Die Abwicklung erfolgt \u00fcber Stripe. Durch die Nutzung dieser Option stimmen Sie den Nutzungsbedingungen von Stripe, Apple und Google zu.<\/p>\n\n\n\n<h2 class=\"hx wp-block-heading\">Bank\u00fcberweisung<\/h2>\n\n\n\n<p>Zahlen Sie per Bank\u00fcberweisung. Die Details zur Zahlung erhalten Sie nach Abschluss Ihrer Bestellung.<\/p>\n\n\n\n<p>F\u00fcr Neukunden ist in der Regel nur Vorauskasse m\u00f6glich. Bei Fragen zu den Zahlungsmethoden k\u00f6nnen Sie uns gerne kontaktieren:<\/p>\n\n\n\n<p>PowerUP GmbH <br \/>Sportplatzweg 2<br \/>6135 Stans, Tirol<br \/>\u00d6sterreich<\/p>\n\n\n\n<p>Telefon: +43 5242 64 666<br \/>E-Mail: office@powerup.at<\/p>\n","protected":false},"excerpt":{"rendered":"<p>Zahlungsmethoden Wir bieten Ihnen folgende Zahlungsm\u00f6glichkeiten an: Kreditkarte Bezahlen Sie sicher und bequem mit allen g\u00e4ngigen Kreditkarten. Die Abwicklung erfolgt \u00fcber unseren Partner Stripe. Apple Pay \/ Google Pay Nutzen Sie einen schnellen und sicheren Checkout-Prozess mit Apple Pay oder Google Pay. Die Abwicklung erfolgt \u00fcber Stripe. Durch die Nutzung dieser Option stimmen Sie den [&hellip;]<\/p>\n","protected":false},"author":21,"featured_media":0,"parent":0,"menu_order":14,"comment_status":"closed","ping_status":"closed","template":"","meta":{"_acf_changed":false,"footnotes":""},"class_list":["post-20712","page","type-page","status-publish","hentry"],"acf":[],"_links":{"self":[{"href":"https:\/\/powerup-at.s4.klixpert.dev\/de\/wp-json\/wp\/v2\/pages\/20712","targetHints":{"allow":["GET"]}}],"collection":[{"href":"https:\/\/powerup-at.s4.klixpert.dev\/de\/wp-json\/wp\/v2\/pages"}],"about":[{"href":"https:\/\/powerup-at.s4.klixpert.dev\/de\/wp-json\/wp\/v2\/types\/page"}],"author":[{"embeddable":true,"href":"https:\/\/powerup-at.s4.klixpert.dev\/de\/wp-json\/wp\/v2\/users\/21"}],"replies":[{"embeddable":true,"href":"https:\/\/powerup-at.s4.klixpert.dev\/de\/wp-json\/wp\/v2\/comments?post=20712"}],"version-history":[{"count":0,"href":"https:\/\/powerup-at.s4.klixpert.dev\/de\/wp-json\/wp\/v2\/pages\/20712\/revisions"}],"wp:attachment":[{"href":"https:\/\/powerup-at.s4.klixpert.dev\/de\/wp-json\/wp\/v2\/media?parent=20712"}],"curies":[{"name":"wp","href":"https:\/\/api.w.org\/{rel}","templated":true}]}}