{"id":20720,"date":"2025-01-28T07:28:47","date_gmt":"2025-01-28T07:28:47","guid":{"rendered":"https:\/\/powerup-at.s4.klixpert.dev\/?page_id=20720"},"modified":"2025-01-28T07:39:10","modified_gmt":"2025-01-28T07:39:10","slug":"authentizitaet-von-bewertungen","status":"publish","type":"page","link":"https:\/\/powerup-at.s4.klixpert.dev\/de\/authentizitaet-von-bewertungen\/","title":{"rendered":"Authentizit\u00e4t von Bewertungen"},"content":{"rendered":"\n<h1 class=\"hx wp-block-heading\">Authentizit\u00e4t von Bewertungen<\/h1>\n\n<p>Bei PowerUP GmbH sch\u00e4tzen wir Transparenz und Vertrauen, weshalb die Authentizit\u00e4t der Bewertungen auf unserer Plattform f\u00fcr uns von h\u00f6chster Bedeutung ist. So stellen wir sicher, dass die Bewertungen, die Sie sehen, echt sind:<\/p>\n\n<p><strong>Verifizierte K\u00e4ufe&#13;\n<\/strong>Wir erlauben nur Bewertungen von Kunden, die einen verifizierten Kauf \u00fcber unseren Shop get\u00e4tigt haben. Dies stellt sicher, dass alle R\u00fcckmeldungen von Personen stammen, die unsere Produkte oder Dienstleistungen tats\u00e4chlich genutzt haben.<\/p>\n\n<p><strong>Keine bezahlten Bewertungen<\/strong>&#13;\nWir bezahlen oder incentivieren keine Kunden, um positive Bewertungen abzugeben. Alle R\u00fcckmeldungen spiegeln die ehrlichen Erfahrungen und Meinungen unserer Kunden wider.<\/p>\n\n<p><strong>Moderation von Bewertungen<\/strong>&#13;\nUm einen respektvollen und professionellen Ton zu wahren, pr\u00fcfen wir Bewertungen auf unangemessene Sprache oder Inhalte, die nichts mit unseren Produkten oder Dienstleistungen zu tun haben. Wir ver\u00e4ndern oder beeinflussen jedoch niemals die in den Bewertungen ge\u00e4u\u00dferten Meinungen.<\/p>\n\n<p><strong>Kontaktieren Sie uns<\/strong>&#13;\nFalls Sie Bedenken hinsichtlich der Authentizit\u00e4t einer Bewertung haben oder Ihr Feedback direkt mit uns teilen m\u00f6chten, k\u00f6nnen Sie uns gerne kontaktieren:<\/p>\n\n<p>PowerUP GmbH&#13;\nSportplatzweg 2&#13;\n6135 Stans, Tirol&#13;\n\u00d6sterreich<\/p>\n\n<p>Telefon: +43 5242 64 666&#13;\nE-Mail: office@powerup.at<\/p>\n\n<p>Ihr Vertrauen ist uns wichtig, und wir sind bestrebt, eine Plattform zu bieten, auf der ehrliches und transparentes Feedback Ihnen bei Ihrer Kaufentscheidung hilft.<\/p>\n","protected":false},"excerpt":{"rendered":"<p>Authentizit\u00e4t von Bewertungen Bei PowerUP GmbH sch\u00e4tzen wir Transparenz und Vertrauen, weshalb die Authentizit\u00e4t der Bewertungen auf unserer Plattform f\u00fcr uns von h\u00f6chster Bedeutung ist. So stellen wir sicher, dass die Bewertungen, die Sie sehen, echt sind: Verifizierte K\u00e4ufe&#13; Wir erlauben nur Bewertungen von Kunden, die einen verifizierten Kauf \u00fcber unseren Shop get\u00e4tigt haben. Dies [&hellip;]<\/p>\n","protected":false},"author":21,"featured_media":0,"parent":0,"menu_order":12,"comment_status":"closed","ping_status":"closed","template":"","meta":{"_acf_changed":false,"footnotes":""},"class_list":["post-20720","page","type-page","status-publish","hentry"],"acf":[],"_links":{"self":[{"href":"https:\/\/powerup-at.s4.klixpert.dev\/de\/wp-json\/wp\/v2\/pages\/20720","targetHints":{"allow":["GET"]}}],"collection":[{"href":"https:\/\/powerup-at.s4.klixpert.dev\/de\/wp-json\/wp\/v2\/pages"}],"about":[{"href":"https:\/\/powerup-at.s4.klixpert.dev\/de\/wp-json\/wp\/v2\/types\/page"}],"author":[{"embeddable":true,"href":"https:\/\/powerup-at.s4.klixpert.dev\/de\/wp-json\/wp\/v2\/users\/21"}],"replies":[{"embeddable":true,"href":"https:\/\/powerup-at.s4.klixpert.dev\/de\/wp-json\/wp\/v2\/comments?post=20720"}],"version-history":[{"count":0,"href":"https:\/\/powerup-at.s4.klixpert.dev\/de\/wp-json\/wp\/v2\/pages\/20720\/revisions"}],"wp:attachment":[{"href":"https:\/\/powerup-at.s4.klixpert.dev\/de\/wp-json\/wp\/v2\/media?parent=20720"}],"curies":[{"name":"wp","href":"https:\/\/api.w.org\/{rel}","templated":true}]}}