{"id":3232,"date":"2023-10-23T13:16:49","date_gmt":"2023-10-23T13:16:49","guid":{"rendered":"https:\/\/powerup.klixpert.io\/verkaufstermin\/"},"modified":"2023-11-13T19:29:27","modified_gmt":"2023-11-13T19:29:27","slug":"verkaufstermin","status":"publish","type":"page","link":"https:\/\/powerup-at.s4.klixpert.dev\/de\/verkaufstermin\/","title":{"rendered":"Termin anfordern"},"content":{"rendered":"\n<div class=\"wp-block-columns is-layout-flex wp-container-core-columns-is-layout-28f84493 wp-block-columns-is-layout-flex\">\n<div class=\"wp-block-column is-layout-flow wp-block-column-is-layout-flow\">\n<h1 class=\"hx wp-block-heading\">Termin anfordern<\/h1>\n\n\n\n<p>Egal, ob Sie unsere neuesten Produkte erkunden, ma\u00dfgeschneiderte L\u00f6sungen suchen oder einfach nur Fragen haben, Sie sind nur wenige Klicks davon entfernt, einen pers\u00f6nlichen Termin mit unseren Experten zu vereinbaren.<\/p>\n<\/div>\n\n\n\n<div class=\"wp-block-column is-layout-flow wp-block-column-is-layout-flow\"><\/div>\n<\/div>\n\n\n\r\n<div class=\"klx_decor-contact\">\r\n\r\n        <div class=\"decor\" id=\"kontaktieren sie uns\">\r\n        <svg width=\"16\" height=\"35\" viewBox=\"0 0 16 35\" fill=\"none\" xmlns=\"http:\/\/www.w3.org\/2000\/svg\">\r\n    <path d=\"M8 14.5882L16 10.3529L16 0L4.6375e-06 9.41176L6.85907e-06 34.8235L8 29.6471L8 14.5882Z\" fill=\"currentColor\"><\/path>\r\n<\/svg>\r\n        Kontaktieren Sie uns    <\/div>\r\n    \r\n    <div class=\"content\">\r\n                                <h2 class=\"headline\">Kontaktieren Sie uns bitte<\/h2>\r\n        \r\n                    <p>Bitte f\u00fcllen Sie das Formular aus, um das PowerUP-Expertenteam zu kontaktieren.<br \/>\nWir beantworten Ihre Fragen auch gerne telefonisch oder per E-Mail.<\/p>\n        \r\n                    <div class=\"wp-block-buttons\">\r\n                <div class=\"wp-block-button\"><a class=\"wp-block-button__link\" href=\"https:\/\/powerup-at.s4.klixpert.dev\/de\/verkaufstermin\/\" title=\"Jetzt Termin anfordern\">Jetzt Termin anfordern<svg width=\"24\" height=\"24\" viewBox=\"0 0 24 24\" fill=\"none\" xmlns=\"http:\/\/www.w3.org\/2000\/svg\">\r\n    <path d=\"M8.77473 7.22528L16.7595 7.38824L16.9225 15.373\" stroke=\"currentColor\"><\/path>\r\n    <path d=\"M17.0243 7.22529L7.12478 17.1248\" stroke=\"currentColor\"><\/path>\r\n<\/svg>\r\n<\/a><\/div>            <\/div>\r\n        \r\n                    <p><strong>PowerUP GmbH<\/strong><br \/>\nSportplatzweg 2<br \/>\n6135 Stans, Tirol<br \/>\nAustria<\/p>\n<p>Phone: <a href=\"tel:+43524264666\">+43 5242 64 666<\/a><br \/>\nE-Mail: <a href=\"mailto:office@powerup.at\">office@powerup.at<\/a><\/p>\n            <\/div>\r\n\r\n    <div class=\"form\">\r\n                    <div class=\"wpforms-container wpforms-render-modern\" id=\"wpforms-212\"><form id=\"wpforms-form-212\" class=\"wpforms-validate wpforms-form wpforms-ajax-form\" data-formid=\"212\" method=\"post\" enctype=\"multipart\/form-data\" action=\"\/de\/wp-json\/wp\/v2\/pages\/3232\" data-token=\"91fbe53182a54ef0873b0e924f4ca950\" data-token-time=\"1775254015\"><noscript class=\"wpforms-error-noscript\">Bitte aktiviere JavaScript in deinem Browser, um dieses Formular fertigzustellen.<\/noscript><div id=\"wpforms-error-noscript\" style=\"display: none;\">Bitte aktiviere JavaScript in deinem Browser, um dieses Formular fertigzustellen.<\/div><div class=\"wpforms-field-container\"><div id=\"wpforms-212-field_1-container\" class=\"wpforms-field wpforms-field-text\" data-field-id=\"1\"><label class=\"wpforms-field-label wpforms-label-hide\" for=\"wpforms-212-field_1\" aria-hidden=\"false\">Vorname u. Nachname <span class=\"wpforms-required-label\" aria-hidden=\"true\">*<\/span><\/label><input type=\"text\" id=\"wpforms-212-field_1\" class=\"wpforms-field-medium wpforms-field-required\" name=\"wpforms[fields][1]\" placeholder=\"Name*\" aria-errormessage=\"wpforms-212-field_1-error\" required\/><\/div><div id=\"wpforms-212-field_8-container\" class=\"wpforms-field wpforms-field-email\" data-field-id=\"8\"><label class=\"wpforms-field-label wpforms-label-hide\" for=\"wpforms-212-field_8\" aria-hidden=\"false\">E-Mail Adresse <span class=\"wpforms-required-label\" aria-hidden=\"true\">*<\/span><\/label><input type=\"email\" id=\"wpforms-212-field_8\" class=\"wpforms-field-medium wpforms-field-required\" name=\"wpforms[fields][8]\" placeholder=\"E-Mail Adresse*\" spellcheck=\"false\" aria-errormessage=\"wpforms-212-field_8-error\" required\/><\/div><div id=\"wpforms-212-field_2-container\" class=\"wpforms-field wpforms-field-text\" data-field-id=\"2\"><label class=\"wpforms-field-label wpforms-label-hide\" for=\"wpforms-212-field_2\" aria-hidden=\"false\">Unternehmen <span class=\"wpforms-required-label\" aria-hidden=\"true\">*<\/span><\/label><input type=\"text\" id=\"wpforms-212-field_2\" class=\"wpforms-field-medium wpforms-field-required\" name=\"wpforms[fields][2]\" placeholder=\"Organisation \/ Firma*\" aria-errormessage=\"wpforms-212-field_2-error\" required\/><\/div>\t\t<div id=\"wpforms-212-field_3-container\"\n\t\t\tclass=\"wpforms-field wpforms-field-text\"\n\t\t\tdata-field-type=\"text\"\n\t\t\tdata-field-id=\"3\">\n\t\t\t<label class=\"wpforms-field-label\" for=\"wpforms-212-field_3\">u. Weitere E-Mail<\/label>\n\t\t\t<input type=\"text\" id=\"wpforms-212-field_3\" class=\"wpforms-field-medium\" name=\"wpforms[fields][3]\"\/>\n\t\t<\/div>\n\t\t<div id=\"wpforms-212-field_6-container\" class=\"wpforms-field wpforms-field-textarea\" data-field-id=\"6\"><label class=\"wpforms-field-label wpforms-label-hide\" for=\"wpforms-212-field_6\" aria-hidden=\"false\">Weitere Einzelheiten<\/label><textarea id=\"wpforms-212-field_6\" class=\"wpforms-field-medium\" name=\"wpforms[fields][6]\" placeholder=\"Ihre Nachricht\" aria-errormessage=\"wpforms-212-field_6-error\"><\/textarea><\/div><div id=\"wpforms-212-field_7-container\" class=\"wpforms-field wpforms-field-checkbox\" data-field-id=\"7\"><fieldset><legend class=\"wpforms-field-label wpforms-label-hide\" aria-hidden=\"false\">Datenschutz <span class=\"wpforms-required-label\" aria-hidden=\"true\">*<\/span><\/legend><ul id=\"wpforms-212-field_7\" class=\"wpforms-field-required\"><li class=\"choice-1 depth-1\"><input type=\"checkbox\" id=\"wpforms-212-field_7_1\" name=\"wpforms[fields][7][]\" value=\"Ich stimme dem Datenschutz der PowerUP GmbH zu.\" aria-errormessage=\"wpforms-212-field_7_1-error\" required\/><label class=\"wpforms-field-label-inline\" for=\"wpforms-212-field_7_1\">Ich stimme dem Datenschutz der PowerUP GmbH zu.<\/label><\/li><\/ul><\/fieldset><\/div><script>\n\t\t\t\t( function() {\n\t\t\t\t\tconst style = document.createElement( 'style' );\n\t\t\t\t\tstyle.appendChild( document.createTextNode( '#wpforms-212-field_3-container { position: absolute !important; overflow: hidden !important; display: inline !important; height: 1px !important; width: 1px !important; z-index: -1000 !important; padding: 0 !important; } #wpforms-212-field_3-container input { visibility: hidden; } #wpforms-conversational-form-page #wpforms-212-field_3-container label { counter-increment: none; }' ) );\n\t\t\t\t\tdocument.head.appendChild( style );\n\t\t\t\t\tdocument.currentScript?.remove();\n\t\t\t\t} )();\n\t\t\t<\/script><\/div><!-- .wpforms-field-container --><div class=\"wpforms-recaptcha-container wpforms-is-recaptcha wpforms-is-recaptcha-type-v3\"><input type=\"hidden\" name=\"wpforms[recaptcha]\" value=\"\"\/><\/div><div class=\"wpforms-submit-container\"><input type=\"hidden\" name=\"wpforms[id]\" value=\"212\"\/><input type=\"hidden\" name=\"page_title\" value=\"\"\/><input type=\"hidden\" name=\"page_url\" value=\"https:\/\/powerup-at.s4.klixpert.dev\/de\/wp-json\/wp\/v2\/pages\/3232\"\/><input type=\"hidden\" name=\"url_referer\" value=\"\"\/><button type=\"submit\" name=\"wpforms[submit]\" id=\"wpforms-submit-212\" class=\"wpforms-submit\" data-alt-text=\"Wird gesendet ...\" data-submit-text=\"Anfrage senden\" aria-live=\"assertive\" value=\"wpforms-submit\">Anfrage senden<\/button><img loading=\"lazy\" decoding=\"async\" src=\"https:\/\/powerup-at.s4.klixpert.dev\/app\/plugins\/wpforms\/assets\/images\/submit-spin.svg\" class=\"wpforms-submit-spinner\" style=\"display: none;\" width=\"26\" height=\"26\" alt=\"Wird geladen\"\/><div data-id=\"wpforms-212\" style=\"display:none\"><svg width=\"24\" height=\"24\" viewBox=\"0 0 24 24\" fill=\"none\" xmlns=\"http:\/\/www.w3.org\/2000\/svg\">\r\n    <path d=\"M8.77473 7.22528L16.7595 7.38824L16.9225 15.373\" stroke=\"currentColor\"><\/path>\r\n    <path d=\"M17.0243 7.22529L7.12478 17.1248\" stroke=\"currentColor\"><\/path>\r\n<\/svg>\r\n<\/div>\n    <script>\n        var form = document.getElementById(\"wpforms-212\");\n        var submitButton = form.querySelector(\"button[type='submit']\");\n        if (submitButton) {\n            var svg = submitButton.parentElement.querySelector(\"svg\");\n            if (svg) {                \n                submitButton.appendChild(svg);\n                svg.style.display = \"block\";\n            }\n        }\n    <\/script>\n    <\/div><\/form><\/div>  <!-- .wpforms-container -->            <\/div>\r\n\r\n<\/div>\n\n\n\n","protected":false},"excerpt":{"rendered":"<p>Termin anfordern Egal, ob Sie unsere neuesten Produkte erkunden, ma\u00dfgeschneiderte L\u00f6sungen suchen oder einfach nur Fragen haben, Sie sind nur wenige Klicks davon entfernt, einen pers\u00f6nlichen Termin mit unseren Experten zu vereinbaren.<\/p>\n","protected":false},"author":1,"featured_media":0,"parent":0,"menu_order":217,"comment_status":"closed","ping_status":"closed","template":"","meta":{"_acf_changed":false,"footnotes":""},"class_list":["post-3232","page","type-page","status-publish","hentry"],"acf":[],"_links":{"self":[{"href":"https:\/\/powerup-at.s4.klixpert.dev\/de\/wp-json\/wp\/v2\/pages\/3232","targetHints":{"allow":["GET"]}}],"collection":[{"href":"https:\/\/powerup-at.s4.klixpert.dev\/de\/wp-json\/wp\/v2\/pages"}],"about":[{"href":"https:\/\/powerup-at.s4.klixpert.dev\/de\/wp-json\/wp\/v2\/types\/page"}],"author":[{"embeddable":true,"href":"https:\/\/powerup-at.s4.klixpert.dev\/de\/wp-json\/wp\/v2\/users\/1"}],"replies":[{"embeddable":true,"href":"https:\/\/powerup-at.s4.klixpert.dev\/de\/wp-json\/wp\/v2\/comments?post=3232"}],"version-history":[{"count":0,"href":"https:\/\/powerup-at.s4.klixpert.dev\/de\/wp-json\/wp\/v2\/pages\/3232\/revisions"}],"wp:attachment":[{"href":"https:\/\/powerup-at.s4.klixpert.dev\/de\/wp-json\/wp\/v2\/media?parent=3232"}],"curies":[{"name":"wp","href":"https:\/\/api.w.org\/{rel}","templated":true}]}}