{"id":8472,"date":"2024-03-06T07:13:01","date_gmt":"2024-03-06T07:13:01","guid":{"rendered":"https:\/\/powerup-at.s4.klixpert.dev\/?page_id=8472"},"modified":"2025-03-03T15:33:19","modified_gmt":"2025-03-03T15:33:19","slug":"aora","status":"publish","type":"page","link":"https:\/\/powerup-at.s4.klixpert.dev\/de\/produkte\/controller\/aora\/","title":{"rendered":"AORA"},"content":{"rendered":"\n<!-- ilj_no_linking -->\n<div class=\"klx_hero\" data-layout=\"product\" style=\"--duration: 4600ms;\">\n\n        <div class=\"content\">\n        <div class=\"inner\">\n\n                                            <h1 class=\"headline\">AORA \u2013 Advanced Open Retrofit Application<\/h1>\n            \n            \n                            <div class=\"desc\"><p>Das AORA-Steuerungssystem von PowerUP passed f\u00fcr MWM<sup>\u00ae<\/sup> Motoren ist die perfekte Wahl f\u00fcr eine zuverl\u00e4ssige und ma\u00dfgeschneiderte Retrofit-L\u00f6sung<\/p>\n<\/div>\n            \n                            <div class=\"wp-block-buttons\">\n                    <div class=\"wp-block-button\"><a class=\"wp-block-button__link\" href=\"#kontakt\" title=\"Jetzt Kontakt aufnehmen\">Jetzt Kontakt aufnehmen<svg width=\"24\" height=\"24\" viewBox=\"0 0 24 24\" fill=\"none\" xmlns=\"http:\/\/www.w3.org\/2000\/svg\">\r\n    <path d=\"M8.77473 7.22528L16.7595 7.38824L16.9225 15.373\" stroke=\"currentColor\"><\/path>\r\n    <path d=\"M17.0243 7.22529L7.12478 17.1248\" stroke=\"currentColor\"><\/path>\r\n<\/svg>\r\n<\/a><\/div>                <\/div>\n            \n                        \n        <\/div>\n    <\/div>\n    \n    <div id=\"el-69d12cfc4f3f1\" class=\"slider swiper-container\">\n        <div class=\"swiper-wrapper\">\n                            <div class=\"swiper-slide\">\n\n                    \n                    <div class=\"background\">\n                        \n                                                    <figure class=\"image_container default\"><picture><source srcset=\"https:\/\/powerup-at.s4.klixpert.dev\/app\/uploads\/2024\/03\/powerup-products-controller-aora.png\" media=\"(max-width: 991.98px)\"\/><source srcset=\"https:\/\/powerup-at.s4.klixpert.dev\/app\/uploads\/2024\/03\/powerup-products-controller-aora.png\" media=\"(max-width: 1199.98px)\"\/><img loading=\"lazy\" decoding=\"async\" src=\"https:\/\/powerup-at.s4.klixpert.dev\/app\/uploads\/2024\/03\/powerup-products-controller-aora.png\" width=\"919\" height=\"632\" alt=\"\" \/><\/picture><\/figure>                                            <\/div>\n                <\/div>\n                    <\/div>\n\t<\/div>\n\n            <div class=\"background-gradient\">\n            <div class=\"inner\">\n\t\t\t\t<svg class=\"clip clip1\" xmlns=\"http:\/\/www.w3.org\/2000\/svg\" width=\"410\" height=\"278\" viewBox=\"0 0 410.2 278\">\n\t\t\t\t\t<path class=\"st0\" d=\"M247.7,0c53.3,90.6,106.5,181.2,159.8,271.9c0.8,1.4,1.5,2.9,2.7,5.4c-3,0.1-5.3,0.2-7.2,0.2\n                c-76.6,0.1-153.4,0-230,0.3c-5.8,0.1-9.1-1.5-12.2-6.7C107.9,180.7,54.8,90.4,1.9,0\"><\/path>\n\t\t\t\t<\/svg>\n                <svg class=\"clip clip2\" xmlns=\"http:\/\/www.w3.org\/2000\/svg\" width=\"410\" height=\"278\" viewBox=\"0 0 410.2 278\">\n\t\t\t\t\t<path class=\"st0\" d=\"M247.7,0c53.3,90.6,106.5,181.2,159.8,271.9c0.8,1.4,1.5,2.9,2.7,5.4c-3,0.1-5.3,0.2-7.2,0.2\n                c-76.6,0.1-153.4,0-230,0.3c-5.8,0.1-9.1-1.5-12.2-6.7C107.9,180.7,54.8,90.4,1.9,0\"><\/path>\n\t\t\t\t<\/svg>\n                <svg class=\"clip clip3\" xmlns=\"http:\/\/www.w3.org\/2000\/svg\" width=\"410\" height=\"278\" viewBox=\"0 0 410.2 278\">\n\t\t\t\t\t<path class=\"st0\" d=\"M247.7,0c53.3,90.6,106.5,181.2,159.8,271.9c0.8,1.4,1.5,2.9,2.7,5.4c-3,0.1-5.3,0.2-7.2,0.2\n                c-76.6,0.1-153.4,0-230,0.3c-5.8,0.1-9.1-1.5-12.2-6.7C107.9,180.7,54.8,90.4,1.9,0\"><\/path>\n\t\t\t\t<\/svg>\n\t\t\t<\/div>\n        <\/div>\n    \n    \n    <div id=\"el-69d12cfc4f3f1_pagination\" class=\"swiper-pagination\"><\/div>\n\n    <script type=\"text\/javascript\">\n\t\t\/\/ document.addEventListener('DOMContentLoaded', function(){ \n\t\twindow.addEventListener('load', function() {\n\n                var swiperEl = document.getElementById('el-69d12cfc4f3f1');\n\t\t        var slidesCount = swiperEl ? document.querySelectorAll('#el-69d12cfc4f3f1 .swiper-slide').length : 0;\n\n\t\t        var loop = false;\n\t\t        if(slidesCount > 1) {\n\t\t        \tvar loop = true;\n\t\t        }\n\n                \/\/ Load and play first video if it should autoplay\n                function loadAndPlayVideo(videoElement) {\n                    if(videoElement && videoElement.getAttribute('data-autoplay') === 'true') {\n                        videoElement.load();\n                        videoElement.play().catch(function(error) {\n                            \/\/ Autoplay was prevented, which is fine\n                        });\n                    }\n                }\n\n                \/\/ Load first slide's video immediately (works for both Swiper and non-Swiper)\n                var firstSlide = swiperEl ? swiperEl.querySelector('.swiper-slide:first-child') : null;\n                if(firstSlide) {\n                    var firstVideo = firstSlide.querySelector('video');\n                    if(firstVideo) {\n                        loadAndPlayVideo(firstVideo);\n                    }\n                }\n\n                function changeActiveClass(swiper) {\n                    var _swiper = swiper;\n                    var activeSlide = _swiper.el.querySelector('.swiper-slide.swiper-slide-active');\n                    activeSlide.classList.add('active');\n                    \n                    \/\/ Load video for active slide if it has a lazy-loaded video\n                    var activeVideo = activeSlide.querySelector('video source[data-src]');\n                    if(activeVideo) {\n                        var videoElement = activeVideo.parentElement;\n                        activeVideo.setAttribute('src', activeVideo.getAttribute('data-src'));\n                        activeVideo.removeAttribute('data-src');\n                        videoElement.setAttribute('data-autoplay', 'true');\n                        loadAndPlayVideo(videoElement);\n                    } else {\n                        \/\/ Video already has src, just play it if it should autoplay\n                        var existingVideo = activeSlide.querySelector('video');\n                        if(existingVideo && existingVideo.getAttribute('data-autoplay') === 'true') {\n                            existingVideo.play().catch(function(error) {\n                                \/\/ Autoplay was prevented, which is fine\n                            });\n                        }\n                    }\n                    \n                    setTimeout(function() {\n                        var _item = _swiper.el.querySelector('.swiper-slide:not(.swiper-slide-active)');\n                        if(_item) {\n                            _item.classList.remove('active');\n                            \/\/ Pause videos in inactive slides\n                            var inactiveVideo = _item.querySelector('video');\n                            if(inactiveVideo) {\n                                inactiveVideo.pause();\n                            }\n                        }\n                    }, 1000);\n                }\n\n                \/\/ Only initialize Swiper if there are multiple slides\n                \n\t\t}, false);\n    <\/script>\n\n<\/div>\n<!-- \/ilj_no_linking -->\n\n\r\n<div class=\"klx_decor-headline-text\">\r\n    \r\n    <div class=\"content\">\r\n        \r\n            <\/div>\r\n\r\n    \r\n<\/div>\n\n\r\n<div class=\"klx_decor-headline-text\">\r\n    \r\n    <div class=\"content\">\r\n                                <h2 class=\"headline\">AORA \u2013 Advanced Open Retrofit Application<\/h2>\r\n        \r\n                    <p>PowerUP pr\u00e4sentiert stolz das AORA-Steuerungssystem passend f\u00fcr MWM<sup>\u00ae<\/sup> Motoren als Nachr\u00fcstl\u00f6sung. Mit dem Steuersystem von PowerUP haben Kunden vollen Zugriff auf alle relevanten Parameter und Einblicke in die Leistung, um ihre Gasmotoren effektiv zu steuern.<\/p>\n            <\/div>\r\n\r\n        <div class=\"button\">\r\n        <div class=\"wp-block-buttons\">\r\n            <div class=\"wp-block-button\"><a class=\"wp-block-button__link\" href=\"#kontakt\" title=\"Schreiben Sie uns\">Schreiben Sie uns<svg width=\"24\" height=\"24\" viewBox=\"0 0 24 24\" fill=\"none\" xmlns=\"http:\/\/www.w3.org\/2000\/svg\">\r\n    <path d=\"M8.77473 7.22528L16.7595 7.38824L16.9225 15.373\" stroke=\"currentColor\"><\/path>\r\n    <path d=\"M17.0243 7.22529L7.12478 17.1248\" stroke=\"currentColor\"><\/path>\r\n<\/svg>\r\n<\/a><\/div>        <\/div>\r\n    <\/div>\r\n    \r\n<\/div>\n\n\n<div class=\"wp-block-columns has-image is-layout-flex wp-container-core-columns-is-layout-28f84493 wp-block-columns-is-layout-flex\">\n<div class=\"wp-block-column is-layout-flow wp-block-column-is-layout-flow\">\n<h2 class=\"hx wp-block-heading\">Das Prinzip von AORA<\/h2>\n\n\n\n<p>Unser AORA-System wurde ausgiebig getestet und in einer Vielzahl von Motoren mit unterschiedlichen Anwendungen installiert. Es bietet Experten-Tools zur Datenanalyse, die f\u00fcr eine optimale Benutzererfahrung vereinfacht sind und auf unserem umfassenden Wissen \u00fcber Gasmotoren basieren.<\/p>\n\n\n<div class=\"wp-block-list\">\n<ul class=\"wp-block-list\">\n<li>Gewinnen Sie neue Einblicke in Ihren Motor mit benutzerdefinierten Trends, Echtzeitdaten zur Motorleistung und Leistungsparametern sowie komponentenspezifischem Testmodus.<\/li>\n<\/ul>\n<\/div>\n\n<div class=\"wp-block-list\">\n<ul class=\"wp-block-list\">\n<li>Erleben Sie eine einfache und intuitive Benutzeroberfl\u00e4che auf einem gro\u00dfz\u00fcgigen Touch-Display und f\u00fchlen Sie sich mit benutzerdefinierten Updates und zus\u00e4tzlichem 24-Stunden-Helpdesk auf Anfrage sicher.<\/li>\n<\/ul>\n<\/div>\n\n<div class=\"wp-block-list\">\n<ul class=\"wp-block-list\">\n<li>Eine breite Palette von Schnittstellen macht die Steuerung zum idealen Kontrollzentrum f\u00fcr die Integration verschiedener Komponenten. Zur Optimierung von Gasmotoren in BHKW-Anlagen werden Sensoren und Aktoren ben\u00f6tigt, die nicht in ein herk\u00f6mmliches SPS-basiertes System integriert werden k\u00f6nnen \u2013 genau hier kommen die Software- und Hardwaremodule der Technologie ins Spiel, beispielsweise f\u00fcr unsere zylinderindividuelle Klopferkennung.<\/li>\n<\/ul>\n<\/div>\n\n<div class=\"wp-block-list\">\n<ul class=\"wp-block-list\">\n<li>Ihre AORA-Motorsteuerung wird mit allen Schaltpl\u00e4nen, einer Bedienungsanleitung und einer Beschreibung der Funktionsmerkmale geliefert und von unseren erfahrenen Experten installiert, in Betrieb genommen und an Ihre spezifischen Bed\u00fcrfnisse und Anforderungen angepasst.<\/li>\n<\/ul>\n<\/div>\n\n<div class=\"wp-block-list\">\n<ul class=\"wp-block-list\">\n<li>Die AORA-Nachr\u00fcstung steht f\u00fcr alle station\u00e4ren BHKW-Anlagen und Containersysteme zur Verf\u00fcgung sowie f\u00fcr den Betrieb in Insel- und netzparallelen Modus und kundenspezifischen Anwendungen.<\/li>\n<\/ul>\n<\/div>\n\n\n<div class=\"wp-block-buttons is-layout-flex wp-block-buttons-is-layout-flex\">\n<div class=\"wp-block-button\"><a class=\"wp-block-button__link wp-element-button\" href=\"#kontakt\">kontaktieren Sie uns<\/a><\/div>\n<\/div>\n<\/div>\n\n\n\n<div class=\"wp-block-column has-image is-layout-flow wp-block-column-is-layout-flow\"><div class=\"wp-block-image\"><figure class=\"image_container\"><a href=\"https:\/\/powerup-at.s4.klixpert.dev\/app\/uploads\/2024\/02\/aora-principle-jpg-1024x380.webp\" data-lightbox data-pswp-width=\"1024\" data-pswp-height=\"380\" data-cropped=\"true\"><img decoding=\"async\" sizes=\"auto, (max-width: 1024px) 100vw, 1024px\" loading=\"lazy\" src=\"https:\/\/powerup-at.s4.klixpert.dev\/app\/uploads\/2024\/02\/aora-principle-jpg-1024x380.webp\" width=\"1024\" height=\"380\" alt=\"The AORA Principle\" \/><\/a><\/figure><\/div><\/div>\n<\/div>\n\n\n<div class=\"klx_banner\" data-style=\"default\">\r\n    \r\n    <div class=\"items\">\r\n                                    <div class=\"item\">\r\n                                        <div class=\"text\">\r\n                        Anzahl Ersatzteile                    <\/div>\r\n                                                            <div class=\"number\">\r\n                        <span data-js=\"counter\" data-start=\"0\" data-end=\"10000\">0<\/span>\r\n                        <span class=\"suffix\">+<\/span>                    <\/div>\r\n                                    <\/div>\r\n                            <div class=\"item\">\r\n                                        <div class=\"text\">\r\n                        Kundenzufriedenheit                    <\/div>\r\n                                                            <div class=\"number\">\r\n                        <span data-js=\"counter\" data-start=\"0\" data-end=\"97.6\">0<\/span>\r\n                        <span class=\"suffix\">%<\/span>                    <\/div>\r\n                                    <\/div>\r\n                            <div class=\"item\">\r\n                                        <div class=\"text\">\r\n                        Belieferte L\u00e4nder                    <\/div>\r\n                                                            <div class=\"number\">\r\n                        <span data-js=\"counter\" data-start=\"0\" data-end=\"52\">0<\/span>\r\n                                            <\/div>\r\n                                    <\/div>\r\n                            <div class=\"item\">\r\n                                                        <\/div>\r\n                        <\/div>\r\n\r\n    <div class=\"background\">\r\n                    <div class=\"image\">\r\n                <figure class=\"image_container\"><picture><img decoding=\"async\" loading=\"lazy\" src=\"https:\/\/powerup-at.s4.klixpert.dev\/app\/uploads\/2023\/10\/gas-engine-2.svg\" width=\"1062\" height=\"497\" alt=\"\" \/><\/picture><\/figure>        <\/div>\r\n            <\/div>\r\n\r\n<\/div>\n\n\n<div class=\"wp-block-columns is-layout-flex wp-container-core-columns-is-layout-28f84493 wp-block-columns-is-layout-flex\">\n<div class=\"wp-block-column is-layout-flow wp-block-column-is-layout-flow\">\n<h2 class=\"hx wp-block-heading\">Funktionen<\/h2>\n\n\n<div class=\"wp-block-list\">\n<ul class=\"wp-block-list\">\n<li>Voller Zugriff ohne Passwortbeschr\u00e4nkungen<\/li>\n\n\n\n<li>Zylinderspezifische Klopfregelung mit Leistungsoptimierung<\/li>\n\n\n\n<li>\u00dcberwachung und Trendaufzeichnung aller Sensoren und Messungen<\/li>\n\n\n\n<li>Steuerung und \u00dcberwachung aller K\u00fchl- und Heizkreisl\u00e4ufe<\/li>\n\n\n\n<li>Einbindung von Steuerungen f\u00fcr BHKW-Anlagen (Peripherieger\u00e4te)<\/li>\n\n\n\n<li>Start\/Stopp-Sequenzen f\u00fcr Insel- und Netzparallelbetrieb<\/li>\n\n\n\n<li>Steuerung von Motordrehzahl, Leistung und Luft\/Gas-Gemisch<\/li>\n\n\n\n<li>CAN-Verbindung zum Z\u00fcndsystem<\/li>\n\n\n\n<li>L\u00fcftersteuerung f\u00fcr trockene und Hybridk\u00fchler<\/li>\n\n\n\n<li>Regelung der str\u00f6mungsseitigen Temperatur auch bei Teillastbetrieb<\/li>\n<\/ul>\n<\/div>\n\n\n<div class=\"wp-block-buttons is-layout-flex wp-block-buttons-is-layout-flex\">\n<div class=\"wp-block-button\"><a class=\"wp-block-button__link wp-element-button\" href=\"#kontakt\">Kontaktieren Sie uns zu AORA<\/a><\/div>\n<\/div>\n<\/div>\n\n\n\n<div class=\"wp-block-column is-layout-flow wp-block-column-is-layout-flow\"><\/div>\n<\/div>\n\n\n\n<div class=\"wp-block-columns is-layout-flex wp-container-core-columns-is-layout-28f84493 wp-block-columns-is-layout-flex\">\n<div class=\"wp-block-column is-layout-flow wp-block-column-is-layout-flow\">\n<h2 class=\"hx wp-block-heading\">Vorteile<\/h2>\n\n\n<div class=\"wp-block-list\">\n<ul class=\"wp-block-list\">\n<li>Ein flexibleres Steuerungssystem im Rahmen der Anlagenmodernisierung<\/li>\n\n\n\n<li>Zuverl\u00e4ssige Erkennung von Klopfsch\u00e4den<\/li>\n\n\n\n<li>Netz- und Generatorschutz<\/li>\n\n\n\n<li>Ein System f\u00fcr den Motor- und Hilfsbetrieb<\/li>\n\n\n\n<li>Jederzeit flexibel erweiterbar und anpassbar<\/li>\n\n\n\n<li>Unabh\u00e4ngiger und schneller Service<\/li>\n\n\n\n<li>Professionelle Unterst\u00fctzung und Beratung zur Optimierung der Anlage<\/li>\n\n\n\n<li>Bew\u00e4hrte Technologien aus dem Bereich der Gasmotoren<\/li>\n\n\n\n<li>Techniker mit langj\u00e4hriger Erfahrung im Bereich Gasmotoren<\/li>\n<\/ul>\n<\/div><\/div>\n\n\n\n<div class=\"wp-block-column is-layout-flow wp-block-column-is-layout-flow\">\n<h2 class=\"hx wp-block-heading\" id=\"block-c567e455-e98c-4617-a2a3-ed4f077c5042\">Anwendungen<\/h2>\n\n\n<div class=\"wp-block-list\">\n<ul class=\"wp-block-list\">\n<li>Station\u00e4re BHKW-Anlagen (<a href=\"https:\/\/powerup-at.s4.klixpert.dev\/de\/wissen\/wissen\/blockheizkraftwerk\/blockheizkraftwerke-kraft-waerme-kopplung\/\">Kraft-W\u00e4rme-Kopplung<\/a>)<\/li>\n\n\n\n<li>Containersystem oder Installation in festen Geb\u00e4uden<\/li>\n\n\n\n<li>Synchroner Generator mit Niederspannung oder Mittelspannung<\/li>\n\n\n\n<li>Inselbetrieb und Netzparallelbetrieb<\/li>\n\n\n\n<li>Einhaltung der Anforderungen f\u00fcr den Netzanschluss<\/li>\n<\/ul>\n<\/div><\/div>\n<\/div>\n\n\n\n<div class=\"wp-block-buttons is-content-justification-center is-layout-flex wp-container-core-buttons-is-layout-a89b3969 wp-block-buttons-is-layout-flex\">\n<div class=\"wp-block-button\"><a class=\"wp-block-button__link wp-element-button\" href=\"#kontakt\">M\u00f6chten Sie mehr wissen? Kontaktieren Sie uns!<\/a><\/div>\n<\/div>\n\n\n\r\n<div class=\"klx_decor-contact\">\r\n\r\n        <div class=\"decor\" id=\"kontakt\">\r\n        <svg width=\"16\" height=\"35\" viewBox=\"0 0 16 35\" fill=\"none\" xmlns=\"http:\/\/www.w3.org\/2000\/svg\">\r\n    <path d=\"M8 14.5882L16 10.3529L16 0L4.6375e-06 9.41176L6.85907e-06 34.8235L8 29.6471L8 14.5882Z\" fill=\"currentColor\"><\/path>\r\n<\/svg>\r\n        Kontakt    <\/div>\r\n    \r\n    <div class=\"content\">\r\n                                <h2 class=\"headline\">Kontaktieren Sie uns<\/h2>\r\n        \r\n                    <p>Bitte f\u00fcllen Sie das Formular aus, um Kontakt mit dem Expertenteam von PowerUP aufzunehmen.<br \/>\nWir freuen uns auch darauf, Ihre Fragen telefonisch oder per E-Mail zu beantworten.<\/p>\n        \r\n        \r\n                    <p><strong>PowerUP GmbH<\/strong><br \/>\nSportplatzweg 2<br \/>\n6135 Stans, Tirol<br \/>\nAustria<\/p>\n<p>Phone: <a href=\"tel:+43524264666\">+43 5242 64 666<\/a><br \/>\nE-Mail: <a href=\"mailto:office@powerup.at\">office@powerup.at<\/a><\/p>\n            <\/div>\r\n\r\n    <div class=\"form\">\r\n                    <div class=\"wpforms-container wpforms-render-modern\" id=\"wpforms-24188\"><form id=\"wpforms-form-24188\" class=\"wpforms-validate wpforms-form wpforms-ajax-form\" data-formid=\"24188\" method=\"post\" enctype=\"multipart\/form-data\" action=\"\/de\/wp-json\/wp\/v2\/pages\/8472\" data-token=\"a93958fc2d802d259214bf758d26977b\" data-token-time=\"1775316220\"><noscript class=\"wpforms-error-noscript\">Bitte aktiviere JavaScript in deinem Browser, um dieses Formular fertigzustellen.<\/noscript><div id=\"wpforms-error-noscript\" style=\"display: none;\">Bitte aktiviere JavaScript in deinem Browser, um dieses Formular fertigzustellen.<\/div><div class=\"wpforms-field-container\"><div id=\"wpforms-24188-field_1-container\" class=\"wpforms-field wpforms-field-text\" data-field-id=\"1\"><label class=\"wpforms-field-label wpforms-label-hide\" for=\"wpforms-24188-field_1\" aria-hidden=\"false\">Vor- und Nachname <span class=\"wpforms-required-label\" aria-hidden=\"true\">*<\/span><\/label><input type=\"text\" id=\"wpforms-24188-field_1\" class=\"wpforms-field-medium wpforms-field-required\" name=\"wpforms[fields][1]\" placeholder=\"Name*\" aria-errormessage=\"wpforms-24188-field_1-error\" required\/><\/div><div id=\"wpforms-24188-field_2-container\" class=\"wpforms-field wpforms-field-email\" data-field-id=\"2\"><label class=\"wpforms-field-label wpforms-label-hide\" for=\"wpforms-24188-field_2\" aria-hidden=\"false\">E-Mail <span class=\"wpforms-required-label\" aria-hidden=\"true\">*<\/span><\/label><input type=\"email\" id=\"wpforms-24188-field_2\" class=\"wpforms-field-medium wpforms-field-required\" name=\"wpforms[fields][2]\" placeholder=\"E-Mail*\" spellcheck=\"false\" aria-errormessage=\"wpforms-24188-field_2-error\" required\/><\/div><div id=\"wpforms-24188-field_3-container\" class=\"wpforms-field wpforms-field-text\" data-field-id=\"3\"><label class=\"wpforms-field-label wpforms-label-hide\" for=\"wpforms-24188-field_3\" aria-hidden=\"false\">Unternehmen <span class=\"wpforms-required-label\" aria-hidden=\"true\">*<\/span><\/label><input type=\"text\" id=\"wpforms-24188-field_3\" class=\"wpforms-field-medium wpforms-field-required\" name=\"wpforms[fields][3]\" placeholder=\"Organisation \/ Unternehmen*\" aria-errormessage=\"wpforms-24188-field_3-error\" required\/><\/div><div id=\"wpforms-24188-field_4-container\" class=\"wpforms-field wpforms-field-textarea\" data-field-id=\"4\"><label class=\"wpforms-field-label wpforms-label-hide\" for=\"wpforms-24188-field_4\" aria-hidden=\"false\">Weitere Angaben<\/label><textarea id=\"wpforms-24188-field_4\" class=\"wpforms-field-medium\" name=\"wpforms[fields][4]\" placeholder=\"Nachricht\" aria-errormessage=\"wpforms-24188-field_4-error\"><\/textarea><\/div><div id=\"wpforms-24188-field_5-container\" class=\"wpforms-field wpforms-field-checkbox\" data-field-id=\"5\"><fieldset><legend class=\"wpforms-field-label wpforms-label-hide\" aria-hidden=\"false\">Datenschutz <span class=\"wpforms-required-label\" aria-hidden=\"true\">*<\/span><\/legend><ul id=\"wpforms-24188-field_5\" class=\"wpforms-field-required\"><li class=\"choice-1 depth-1\"><input type=\"checkbox\" id=\"wpforms-24188-field_5_1\" name=\"wpforms[fields][5][]\" value=\"Ich stimme den Datenschutzbestimmungen der PowerUP GmbH zu.\" aria-errormessage=\"wpforms-24188-field_5_1-error\" required\/><label class=\"wpforms-field-label-inline\" for=\"wpforms-24188-field_5_1\">Ich stimme den Datenschutzbestimmungen der PowerUP GmbH zu.<\/label><\/li><\/ul><\/fieldset><\/div><\/div><!-- .wpforms-field-container --><div class=\"wpforms-recaptcha-container wpforms-is-recaptcha wpforms-is-recaptcha-type-v3\"><input type=\"hidden\" name=\"wpforms[recaptcha]\" value=\"\"\/><\/div><div class=\"wpforms-submit-container\"><input type=\"hidden\" name=\"wpforms[id]\" value=\"24188\"\/><input type=\"hidden\" name=\"page_title\" value=\"\"\/><input type=\"hidden\" name=\"page_url\" value=\"https:\/\/powerup-at.s4.klixpert.dev\/de\/wp-json\/wp\/v2\/pages\/8472\"\/><input type=\"hidden\" name=\"url_referer\" value=\"\"\/><button type=\"submit\" name=\"wpforms[submit]\" id=\"wpforms-submit-24188\" class=\"wpforms-submit\" data-alt-text=\"Sending...\" data-submit-text=\"Anfrage senden\" aria-live=\"assertive\" value=\"wpforms-submit\">Anfrage senden<\/button><img loading=\"lazy\" decoding=\"async\" src=\"https:\/\/powerup-at.s4.klixpert.dev\/app\/plugins\/wpforms\/assets\/images\/submit-spin.svg\" class=\"wpforms-submit-spinner\" style=\"display: none;\" width=\"26\" height=\"26\" alt=\"Wird geladen\"\/><div data-id=\"wpforms-24188\" style=\"display:none\"><svg width=\"24\" height=\"24\" viewBox=\"0 0 24 24\" fill=\"none\" xmlns=\"http:\/\/www.w3.org\/2000\/svg\">\r\n    <path d=\"M8.77473 7.22528L16.7595 7.38824L16.9225 15.373\" stroke=\"currentColor\"><\/path>\r\n    <path d=\"M17.0243 7.22529L7.12478 17.1248\" stroke=\"currentColor\"><\/path>\r\n<\/svg>\r\n<\/div>\n    <script>\n        var form = document.getElementById(\"wpforms-24188\");\n        var submitButton = form.querySelector(\"button[type='submit']\");\n        if (submitButton) {\n            var svg = submitButton.parentElement.querySelector(\"svg\");\n            if (svg) {                \n                submitButton.appendChild(svg);\n                svg.style.display = \"block\";\n            }\n        }\n    <\/script>\n    <\/div><\/form><\/div>  <!-- .wpforms-container -->            <\/div>\r\n\r\n<\/div>","protected":false},"excerpt":{"rendered":"<p>Das Prinzip von AORA Unser AORA-System wurde ausgiebig getestet und in einer Vielzahl von Motoren mit unterschiedlichen Anwendungen installiert. Es bietet Experten-Tools zur Datenanalyse, die f\u00fcr eine optimale Benutzererfahrung vereinfacht sind und auf unserem umfassenden Wissen \u00fcber Gasmotoren basieren. Funktionen Vorteile Anwendungen<\/p>\n","protected":false},"author":1,"featured_media":0,"parent":3254,"menu_order":53,"comment_status":"closed","ping_status":"closed","template":"","meta":{"_acf_changed":false,"footnotes":""},"class_list":["post-8472","page","type-page","status-publish","hentry"],"acf":[],"_links":{"self":[{"href":"https:\/\/powerup-at.s4.klixpert.dev\/de\/wp-json\/wp\/v2\/pages\/8472","targetHints":{"allow":["GET"]}}],"collection":[{"href":"https:\/\/powerup-at.s4.klixpert.dev\/de\/wp-json\/wp\/v2\/pages"}],"about":[{"href":"https:\/\/powerup-at.s4.klixpert.dev\/de\/wp-json\/wp\/v2\/types\/page"}],"author":[{"embeddable":true,"href":"https:\/\/powerup-at.s4.klixpert.dev\/de\/wp-json\/wp\/v2\/users\/1"}],"replies":[{"embeddable":true,"href":"https:\/\/powerup-at.s4.klixpert.dev\/de\/wp-json\/wp\/v2\/comments?post=8472"}],"version-history":[{"count":0,"href":"https:\/\/powerup-at.s4.klixpert.dev\/de\/wp-json\/wp\/v2\/pages\/8472\/revisions"}],"up":[{"embeddable":true,"href":"https:\/\/powerup-at.s4.klixpert.dev\/de\/wp-json\/wp\/v2\/pages\/3254"}],"wp:attachment":[{"href":"https:\/\/powerup-at.s4.klixpert.dev\/de\/wp-json\/wp\/v2\/media?parent=8472"}],"curies":[{"name":"wp","href":"https:\/\/api.w.org\/{rel}","templated":true}]}}