{"id":23559,"date":"2025-01-29T20:31:09","date_gmt":"2025-01-29T20:31:09","guid":{"rendered":"https:\/\/powerup-at.s4.klixpert.dev\/shop\/product\/zundkerzenstecker-fur-powerup-auschusssicherung-br6\/"},"modified":"2025-08-14T09:19:48","modified_gmt":"2025-08-14T09:19:48","slug":"zundkerzenstecker-fur-powerup-auschusssicherung-br6","status":"publish","type":"product","link":"https:\/\/powerup-at.s4.klixpert.dev\/de\/shop\/produkt\/zundkerzenstecker-fur-powerup-auschusssicherung-br6\/","title":{"rendered":"Z\u00fcndkerzenstecker f\u00fcr Powerup Auschusssicherung BR6"},"content":{"rendered":"","protected":false},"excerpt":{"rendered":"<p>Z\u00fcndkerzenstecker f\u00fcr PowerUP\u00ae Auschusssicherung f\u00fcr das BR6 Aggregat von INNIO Jenbacher\u00ae.<\/p>\n","protected":false},"featured_media":21558,"comment_status":"open","ping_status":"closed","template":"","meta":{"_acf_changed":false},"product_brand":[],"product_cat":[402,417,565,502],"product_tag":[],"class_list":{"0":"post-23559","1":"product","2":"type-product","3":"status-publish","4":"has-post-thumbnail","6":"product_cat-alle-produkte","7":"product_cat-jenbacher-de","8":"product_cat-property4-de","9":"product_cat-zuendkerzen-zuendsysteme","11":"first","12":"instock","13":"taxable","14":"shipping-taxable","15":"purchasable","16":"product-type-simple"},"acf":[],"_links":{"self":[{"href":"https:\/\/powerup-at.s4.klixpert.dev\/de\/wp-json\/wp\/v2\/product\/23559","targetHints":{"allow":["GET"]}}],"collection":[{"href":"https:\/\/powerup-at.s4.klixpert.dev\/de\/wp-json\/wp\/v2\/product"}],"about":[{"href":"https:\/\/powerup-at.s4.klixpert.dev\/de\/wp-json\/wp\/v2\/types\/product"}],"replies":[{"embeddable":true,"href":"https:\/\/powerup-at.s4.klixpert.dev\/de\/wp-json\/wp\/v2\/comments?post=23559"}],"wp:featuredmedia":[{"embeddable":true,"href":"https:\/\/powerup-at.s4.klixpert.dev\/de\/wp-json\/wp\/v2\/media\/21558"}],"wp:attachment":[{"href":"https:\/\/powerup-at.s4.klixpert.dev\/de\/wp-json\/wp\/v2\/media?parent=23559"}],"wp:term":[{"taxonomy":"product_brand","embeddable":true,"href":"https:\/\/powerup-at.s4.klixpert.dev\/de\/wp-json\/wp\/v2\/product_brand?post=23559"},{"taxonomy":"product_cat","embeddable":true,"href":"https:\/\/powerup-at.s4.klixpert.dev\/de\/wp-json\/wp\/v2\/product_cat?post=23559"},{"taxonomy":"product_tag","embeddable":true,"href":"https:\/\/powerup-at.s4.klixpert.dev\/de\/wp-json\/wp\/v2\/product_tag?post=23559"}],"curies":[{"name":"wp","href":"https:\/\/api.w.org\/{rel}","templated":true}]}}