{"id":23703,"date":"2025-01-24T14:39:55","date_gmt":"2025-01-24T14:39:55","guid":{"rendered":"https:\/\/powerup-at.s4.klixpert.dev\/shop\/product\/spup-grun-s6-4er-pkg\/"},"modified":"2025-08-14T09:22:07","modified_gmt":"2025-08-14T09:22:07","slug":"spup-grun-s6-4er-pkg","status":"publish","type":"product","link":"https:\/\/powerup-at.s4.klixpert.dev\/de\/shop\/produkt\/spup-grun-s6-4er-pkg\/","title":{"rendered":"Z\u00fcndkerze &#8211; SPUP Gr\u00fcn S6 4er Pkg."},"content":{"rendered":"","protected":false},"excerpt":{"rendered":"<p>SPUP Gr\u00fcn S6 4er Pkg. f\u00fcr das BR6 Aggregat von INNIO Jenbacher\u00ae.<\/p>\n","protected":false},"featured_media":20221,"comment_status":"open","ping_status":"closed","template":"","meta":{"_acf_changed":false},"product_brand":[],"product_cat":[402,415,417,670,502],"product_tag":[],"class_list":{"0":"post-23703","1":"product","2":"type-product","3":"status-publish","4":"has-post-thumbnail","6":"product_cat-alle-produkte","7":"product_cat-bestseller","8":"product_cat-jenbacher-de","9":"product_cat-property2-de","10":"product_cat-zuendkerzen-zuendsysteme","12":"first","13":"outofstock","14":"taxable","15":"shipping-taxable","16":"purchasable","17":"product-type-simple"},"acf":[],"_links":{"self":[{"href":"https:\/\/powerup-at.s4.klixpert.dev\/de\/wp-json\/wp\/v2\/product\/23703","targetHints":{"allow":["GET"]}}],"collection":[{"href":"https:\/\/powerup-at.s4.klixpert.dev\/de\/wp-json\/wp\/v2\/product"}],"about":[{"href":"https:\/\/powerup-at.s4.klixpert.dev\/de\/wp-json\/wp\/v2\/types\/product"}],"replies":[{"embeddable":true,"href":"https:\/\/powerup-at.s4.klixpert.dev\/de\/wp-json\/wp\/v2\/comments?post=23703"}],"wp:featuredmedia":[{"embeddable":true,"href":"https:\/\/powerup-at.s4.klixpert.dev\/de\/wp-json\/wp\/v2\/media\/20221"}],"wp:attachment":[{"href":"https:\/\/powerup-at.s4.klixpert.dev\/de\/wp-json\/wp\/v2\/media?parent=23703"}],"wp:term":[{"taxonomy":"product_brand","embeddable":true,"href":"https:\/\/powerup-at.s4.klixpert.dev\/de\/wp-json\/wp\/v2\/product_brand?post=23703"},{"taxonomy":"product_cat","embeddable":true,"href":"https:\/\/powerup-at.s4.klixpert.dev\/de\/wp-json\/wp\/v2\/product_cat?post=23703"},{"taxonomy":"product_tag","embeddable":true,"href":"https:\/\/powerup-at.s4.klixpert.dev\/de\/wp-json\/wp\/v2\/product_tag?post=23703"}],"curies":[{"name":"wp","href":"https:\/\/api.w.org\/{rel}","templated":true}]}}