{"id":23765,"date":"2025-01-24T14:41:43","date_gmt":"2025-01-24T14:41:43","guid":{"rendered":"https:\/\/powerup-at.s4.klixpert.dev\/shop\/product\/eve-zundkerzenstecker-fur-c-coil-rot\/"},"modified":"2025-08-14T09:23:12","modified_gmt":"2025-08-14T09:23:12","slug":"eve-zundkerzenstecker-fur-c-coil-rot","status":"publish","type":"product","link":"https:\/\/powerup-at.s4.klixpert.dev\/de\/shop\/produkt\/eve-zundkerzenstecker-fur-c-coil-rot\/","title":{"rendered":"EVE Z\u00fcndkerzenstecker f\u00fcr C-Coil (rot)"},"content":{"rendered":"","protected":false},"excerpt":{"rendered":"<p>EVE Z\u00fcndkerzenstecker f\u00fcr C-Coil (rot) f\u00fcr das BR3 Aggregat von INNIO Jenbacher\u00ae.<\/p>\n","protected":false},"featured_media":20422,"comment_status":"open","ping_status":"closed","template":"","meta":{"_acf_changed":false},"product_brand":[],"product_cat":[402,417,580,502],"product_tag":[],"class_list":{"0":"post-23765","1":"product","2":"type-product","3":"status-publish","4":"has-post-thumbnail","6":"product_cat-alle-produkte","7":"product_cat-jenbacher-de","8":"product_cat-property5-de","9":"product_cat-zuendkerzen-zuendsysteme","11":"first","12":"instock","13":"taxable","14":"shipping-taxable","15":"purchasable","16":"product-type-simple"},"acf":[],"_links":{"self":[{"href":"https:\/\/powerup-at.s4.klixpert.dev\/de\/wp-json\/wp\/v2\/product\/23765","targetHints":{"allow":["GET"]}}],"collection":[{"href":"https:\/\/powerup-at.s4.klixpert.dev\/de\/wp-json\/wp\/v2\/product"}],"about":[{"href":"https:\/\/powerup-at.s4.klixpert.dev\/de\/wp-json\/wp\/v2\/types\/product"}],"replies":[{"embeddable":true,"href":"https:\/\/powerup-at.s4.klixpert.dev\/de\/wp-json\/wp\/v2\/comments?post=23765"}],"wp:featuredmedia":[{"embeddable":true,"href":"https:\/\/powerup-at.s4.klixpert.dev\/de\/wp-json\/wp\/v2\/media\/20422"}],"wp:attachment":[{"href":"https:\/\/powerup-at.s4.klixpert.dev\/de\/wp-json\/wp\/v2\/media?parent=23765"}],"wp:term":[{"taxonomy":"product_brand","embeddable":true,"href":"https:\/\/powerup-at.s4.klixpert.dev\/de\/wp-json\/wp\/v2\/product_brand?post=23765"},{"taxonomy":"product_cat","embeddable":true,"href":"https:\/\/powerup-at.s4.klixpert.dev\/de\/wp-json\/wp\/v2\/product_cat?post=23765"},{"taxonomy":"product_tag","embeddable":true,"href":"https:\/\/powerup-at.s4.klixpert.dev\/de\/wp-json\/wp\/v2\/product_tag?post=23765"}],"curies":[{"name":"wp","href":"https:\/\/api.w.org\/{rel}","templated":true}]}}