{"id":23791,"date":"2025-01-24T14:41:54","date_gmt":"2025-01-24T14:41:54","guid":{"rendered":"https:\/\/powerup-at.s4.klixpert.dev\/shop\/product\/zylinderkopf-tcg-2020-v12-v20-uberholt\/"},"modified":"2025-08-14T09:23:32","modified_gmt":"2025-08-14T09:23:32","slug":"zylinderkopf-tcg-2020-v12-v20-uberholt","status":"publish","type":"product","link":"https:\/\/powerup-at.s4.klixpert.dev\/de\/shop\/produkt\/zylinderkopf-tcg-2020-v12-v20-uberholt\/","title":{"rendered":"Zylinderkopf TCG 2020 V12-V20 \u00dcberholt"},"content":{"rendered":"","protected":false},"excerpt":{"rendered":"<p>Die sorgf\u00e4ltig \u00fcberholten Zylinderk\u00f6pfe passend f\u00fcr TCG2020\/3020 von PowerUP\u00ae bieten eine kosteneffiziente und nachhaltige L\u00f6sung. Bei Bestellung von \u00fcberholten Zylinderk\u00f6pfen wird ein entsprechender Pfandwert berechnet. Die retournierten K\u00f6pfe werden befundet und nach positiver Beurteilung wird der Pfandbetrag gutgeschrieben.  <\/p>\n<p>Das \u201eo\u201c am Ende der Teilenummer zeigt an, dass es sich um einen \u00fcberholten Artikel handelt. Diese Artikel wurden fachgerecht aufgearbeitet, sodass ihre Funktionalit\u00e4t wiederhergestellt ist.<\/p>\n","protected":false},"featured_media":24196,"comment_status":"open","ping_status":"closed","template":"","meta":{"_acf_changed":false},"product_brand":[],"product_cat":[402,415,418,565,657,510],"product_tag":[],"class_list":{"0":"post-23791","1":"product","2":"type-product","3":"status-publish","4":"has-post-thumbnail","6":"product_cat-alle-produkte","7":"product_cat-bestseller","8":"product_cat-mwm-de","9":"product_cat-property4-de","10":"product_cat-reman-de","11":"product_cat-zylinderkopf","13":"first","14":"outofstock","15":"taxable","16":"shipping-taxable","17":"purchasable","18":"product-type-simple"},"acf":[],"_links":{"self":[{"href":"https:\/\/powerup-at.s4.klixpert.dev\/de\/wp-json\/wp\/v2\/product\/23791","targetHints":{"allow":["GET"]}}],"collection":[{"href":"https:\/\/powerup-at.s4.klixpert.dev\/de\/wp-json\/wp\/v2\/product"}],"about":[{"href":"https:\/\/powerup-at.s4.klixpert.dev\/de\/wp-json\/wp\/v2\/types\/product"}],"replies":[{"embeddable":true,"href":"https:\/\/powerup-at.s4.klixpert.dev\/de\/wp-json\/wp\/v2\/comments?post=23791"}],"wp:featuredmedia":[{"embeddable":true,"href":"https:\/\/powerup-at.s4.klixpert.dev\/de\/wp-json\/wp\/v2\/media\/24196"}],"wp:attachment":[{"href":"https:\/\/powerup-at.s4.klixpert.dev\/de\/wp-json\/wp\/v2\/media?parent=23791"}],"wp:term":[{"taxonomy":"product_brand","embeddable":true,"href":"https:\/\/powerup-at.s4.klixpert.dev\/de\/wp-json\/wp\/v2\/product_brand?post=23791"},{"taxonomy":"product_cat","embeddable":true,"href":"https:\/\/powerup-at.s4.klixpert.dev\/de\/wp-json\/wp\/v2\/product_cat?post=23791"},{"taxonomy":"product_tag","embeddable":true,"href":"https:\/\/powerup-at.s4.klixpert.dev\/de\/wp-json\/wp\/v2\/product_tag?post=23791"}],"curies":[{"name":"wp","href":"https:\/\/api.w.org\/{rel}","templated":true}]}}