{"id":23825,"date":"2025-01-24T14:42:19","date_gmt":"2025-01-24T14:42:19","guid":{"rendered":"https:\/\/powerup-at.s4.klixpert.dev\/shop\/product\/spup-blau-gelb-4er-pkg\/"},"modified":"2025-08-14T09:24:06","modified_gmt":"2025-08-14T09:24:06","slug":"spup-blau-gelb-4er-pkg","status":"publish","type":"product","link":"https:\/\/powerup-at.s4.klixpert.dev\/de\/shop\/produkt\/spup-blau-gelb-4er-pkg\/","title":{"rendered":"Z\u00fcndkerze &#8211; SPUP Blau\/Gelb 4er Pkg."},"content":{"rendered":"","protected":false},"excerpt":{"rendered":"<p>Die PowerUP\u00ae Vorkammerz\u00fcndkerze passend f\u00fcr MWM\u00ae &#038; CAT\u00ae-Motoren (TCG2016, TCG2020, CG132 &#038; CG170) gew\u00e4hrleistet h\u00f6chste Zuverl\u00e4ssigkeit durch ihr robustes Ringelektroden-Design. Die Verwendung von hochwertigen Elektrodenmaterial gew\u00e4hrleistet zudem eine langlebige Standzeit der Kerze. Die von PowerUP\u00ae entwickelte Vorkammerz\u00fcndkerze bietet vollst\u00e4ndige Kompatibilit\u00e4t\u00a0und eignet sich optimal f\u00fcr Erdgas- und Biogas-Anwendungen. Das zweiteilige Design erm\u00f6glicht den separaten Austausch von Z\u00fcndkerze und Z\u00fcndkerzenstecker, was zu einer Reduzierung der Servicekosten f\u00fchrt. ACHTUNG: Bei erstmaligen Aufbau der PowerUP\u00ae Kerze ist der PowerUP\u00ae Z\u00fcndkerzenstecker erforderlich (TCG2016: 1112869 \/ TCG2020: 1112877).<\/p>\n","protected":false},"featured_media":20539,"comment_status":"open","ping_status":"closed","template":"","meta":{"_acf_changed":false},"product_brand":[],"product_cat":[402,415,557,558,418,565,502],"product_tag":[],"class_list":{"0":"post-23825","1":"product","2":"type-product","3":"status-publish","4":"has-post-thumbnail","6":"product_cat-alle-produkte","7":"product_cat-bestseller","8":"product_cat-e40-de","9":"product_cat-e50-de","10":"product_cat-mwm-de","11":"product_cat-property4-de","12":"product_cat-zuendkerzen-zuendsysteme","14":"first","15":"instock","16":"taxable","17":"shipping-taxable","18":"purchasable","19":"product-type-simple"},"acf":[],"_links":{"self":[{"href":"https:\/\/powerup-at.s4.klixpert.dev\/de\/wp-json\/wp\/v2\/product\/23825","targetHints":{"allow":["GET"]}}],"collection":[{"href":"https:\/\/powerup-at.s4.klixpert.dev\/de\/wp-json\/wp\/v2\/product"}],"about":[{"href":"https:\/\/powerup-at.s4.klixpert.dev\/de\/wp-json\/wp\/v2\/types\/product"}],"replies":[{"embeddable":true,"href":"https:\/\/powerup-at.s4.klixpert.dev\/de\/wp-json\/wp\/v2\/comments?post=23825"}],"wp:featuredmedia":[{"embeddable":true,"href":"https:\/\/powerup-at.s4.klixpert.dev\/de\/wp-json\/wp\/v2\/media\/20539"}],"wp:attachment":[{"href":"https:\/\/powerup-at.s4.klixpert.dev\/de\/wp-json\/wp\/v2\/media?parent=23825"}],"wp:term":[{"taxonomy":"product_brand","embeddable":true,"href":"https:\/\/powerup-at.s4.klixpert.dev\/de\/wp-json\/wp\/v2\/product_brand?post=23825"},{"taxonomy":"product_cat","embeddable":true,"href":"https:\/\/powerup-at.s4.klixpert.dev\/de\/wp-json\/wp\/v2\/product_cat?post=23825"},{"taxonomy":"product_tag","embeddable":true,"href":"https:\/\/powerup-at.s4.klixpert.dev\/de\/wp-json\/wp\/v2\/product_tag?post=23825"}],"curies":[{"name":"wp","href":"https:\/\/api.w.org\/{rel}","templated":true}]}}