{"id":24534,"date":"2025-04-17T14:30:06","date_gmt":"2025-04-17T14:30:06","guid":{"rendered":"https:\/\/powerup-at.s4.klixpert.dev\/shop\/product\/actuator\/"},"modified":"2025-08-14T09:21:41","modified_gmt":"2025-08-14T09:21:41","slug":"actuator","status":"publish","type":"product","link":"https:\/\/powerup-at.s4.klixpert.dev\/de\/shop\/produkt\/actuator\/","title":{"rendered":"Stellger\u00e4t STG30-01"},"content":{"rendered":"","protected":false},"excerpt":{"rendered":"<p>Die hier angebotenen Aktuatoren und Sensoren, passend f\u00fcr verschiedene Gasmotoren, dienen der pr\u00e4zisen Steuerung und \u00dcberwachung verschiedener Motorfunktionen und tragen so zur optimalen Leistung und Betriebssicherheit bei.<\/p>\n","protected":false},"featured_media":31393,"comment_status":"open","ping_status":"closed","template":"","meta":{"_acf_changed":false},"product_brand":[],"product_cat":[515,402,565],"product_tag":[],"class_list":{"0":"post-24534","1":"product","2":"type-product","3":"status-publish","4":"has-post-thumbnail","6":"product_cat-aktuatoren-sensoren","7":"product_cat-alle-produkte","8":"product_cat-property4-de","10":"first","11":"outofstock","12":"taxable","13":"shipping-taxable","14":"purchasable","15":"product-type-simple"},"acf":[],"_links":{"self":[{"href":"https:\/\/powerup-at.s4.klixpert.dev\/de\/wp-json\/wp\/v2\/product\/24534","targetHints":{"allow":["GET"]}}],"collection":[{"href":"https:\/\/powerup-at.s4.klixpert.dev\/de\/wp-json\/wp\/v2\/product"}],"about":[{"href":"https:\/\/powerup-at.s4.klixpert.dev\/de\/wp-json\/wp\/v2\/types\/product"}],"replies":[{"embeddable":true,"href":"https:\/\/powerup-at.s4.klixpert.dev\/de\/wp-json\/wp\/v2\/comments?post=24534"}],"wp:featuredmedia":[{"embeddable":true,"href":"https:\/\/powerup-at.s4.klixpert.dev\/de\/wp-json\/wp\/v2\/media\/31393"}],"wp:attachment":[{"href":"https:\/\/powerup-at.s4.klixpert.dev\/de\/wp-json\/wp\/v2\/media?parent=24534"}],"wp:term":[{"taxonomy":"product_brand","embeddable":true,"href":"https:\/\/powerup-at.s4.klixpert.dev\/de\/wp-json\/wp\/v2\/product_brand?post=24534"},{"taxonomy":"product_cat","embeddable":true,"href":"https:\/\/powerup-at.s4.klixpert.dev\/de\/wp-json\/wp\/v2\/product_cat?post=24534"},{"taxonomy":"product_tag","embeddable":true,"href":"https:\/\/powerup-at.s4.klixpert.dev\/de\/wp-json\/wp\/v2\/product_tag?post=24534"}],"curies":[{"name":"wp","href":"https:\/\/api.w.org\/{rel}","templated":true}]}}