{"id":30259,"date":"2025-05-23T06:25:15","date_gmt":"2025-05-23T06:25:15","guid":{"rendered":"https:\/\/powerup-at.s4.klixpert.dev\/shop\/product\/actuator-7\/"},"modified":"2025-08-14T09:21:45","modified_gmt":"2025-08-14T09:21:45","slug":"actuator-7","status":"publish","type":"product","link":"https:\/\/powerup-at.s4.klixpert.dev\/de\/shop\/produkt\/actuator-7\/","title":{"rendered":"Stellger\u00e4t STG10-01"},"content":{"rendered":"","protected":false},"excerpt":{"rendered":"<p>Stellger\u00e4t STG10-01 f\u00fcr das 2016 Aggregat von MWM\u00ae.<\/p>\n","protected":false},"featured_media":31423,"comment_status":"open","ping_status":"closed","template":"","meta":{"_acf_changed":false},"product_brand":[],"product_cat":[515,402,418,565],"product_tag":[],"class_list":{"0":"post-30259","1":"product","2":"type-product","3":"status-publish","4":"has-post-thumbnail","6":"product_cat-aktuatoren-sensoren","7":"product_cat-alle-produkte","8":"product_cat-mwm-de","9":"product_cat-property4-de","11":"first","12":"outofstock","13":"taxable","14":"shipping-taxable","15":"purchasable","16":"product-type-simple"},"acf":[],"_links":{"self":[{"href":"https:\/\/powerup-at.s4.klixpert.dev\/de\/wp-json\/wp\/v2\/product\/30259","targetHints":{"allow":["GET"]}}],"collection":[{"href":"https:\/\/powerup-at.s4.klixpert.dev\/de\/wp-json\/wp\/v2\/product"}],"about":[{"href":"https:\/\/powerup-at.s4.klixpert.dev\/de\/wp-json\/wp\/v2\/types\/product"}],"replies":[{"embeddable":true,"href":"https:\/\/powerup-at.s4.klixpert.dev\/de\/wp-json\/wp\/v2\/comments?post=30259"}],"wp:featuredmedia":[{"embeddable":true,"href":"https:\/\/powerup-at.s4.klixpert.dev\/de\/wp-json\/wp\/v2\/media\/31423"}],"wp:attachment":[{"href":"https:\/\/powerup-at.s4.klixpert.dev\/de\/wp-json\/wp\/v2\/media?parent=30259"}],"wp:term":[{"taxonomy":"product_brand","embeddable":true,"href":"https:\/\/powerup-at.s4.klixpert.dev\/de\/wp-json\/wp\/v2\/product_brand?post=30259"},{"taxonomy":"product_cat","embeddable":true,"href":"https:\/\/powerup-at.s4.klixpert.dev\/de\/wp-json\/wp\/v2\/product_cat?post=30259"},{"taxonomy":"product_tag","embeddable":true,"href":"https:\/\/powerup-at.s4.klixpert.dev\/de\/wp-json\/wp\/v2\/product_tag?post=30259"}],"curies":[{"name":"wp","href":"https:\/\/api.w.org\/{rel}","templated":true}]}}