{"id":30811,"date":"2025-06-23T07:10:07","date_gmt":"2025-06-23T07:10:07","guid":{"rendered":"https:\/\/powerup-at.s4.klixpert.dev\/shop\/product\/waterpump-overhauled\/"},"modified":"2025-08-14T09:16:57","modified_gmt":"2025-08-14T09:16:57","slug":"waterpump-overhauled","status":"publish","type":"product","link":"https:\/\/powerup-at.s4.klixpert.dev\/de\/shop\/produkt\/waterpump-overhauled\/","title":{"rendered":"Motork\u00fchlwasserpumpe \u00fcberholt"},"content":{"rendered":"","protected":false},"excerpt":{"rendered":"<p>Motork\u00fchlwasserpumpe \u00fcberholt f\u00fcr das BR3 Aggregat von INNIO Jenbacher\u00ae.<\/p>\n<p>Das \u201eo\u201c am Ende der Teilenummer zeigt an, dass es sich um einen \u00fcberholten Artikel handelt. Diese Artikel wurden fachgerecht aufgearbeitet, sodass ihre Funktionalit\u00e4t wiederhergestellt ist.<\/p>\n","protected":false},"featured_media":30872,"comment_status":"open","ping_status":"closed","template":"","meta":{"_acf_changed":false},"product_brand":[],"product_cat":[554,402,417,565,681,657],"product_tag":[],"class_list":{"0":"post-30811","1":"product","2":"type-product","3":"status-publish","4":"has-post-thumbnail","6":"product_cat-10k-de","7":"product_cat-alle-produkte","8":"product_cat-jenbacher-de","9":"product_cat-property4-de","10":"product_cat-pumps-de","11":"product_cat-reman-de","13":"first","14":"instock","15":"taxable","16":"shipping-taxable","17":"purchasable","18":"product-type-simple"},"acf":[],"_links":{"self":[{"href":"https:\/\/powerup-at.s4.klixpert.dev\/de\/wp-json\/wp\/v2\/product\/30811","targetHints":{"allow":["GET"]}}],"collection":[{"href":"https:\/\/powerup-at.s4.klixpert.dev\/de\/wp-json\/wp\/v2\/product"}],"about":[{"href":"https:\/\/powerup-at.s4.klixpert.dev\/de\/wp-json\/wp\/v2\/types\/product"}],"replies":[{"embeddable":true,"href":"https:\/\/powerup-at.s4.klixpert.dev\/de\/wp-json\/wp\/v2\/comments?post=30811"}],"wp:featuredmedia":[{"embeddable":true,"href":"https:\/\/powerup-at.s4.klixpert.dev\/de\/wp-json\/wp\/v2\/media\/30872"}],"wp:attachment":[{"href":"https:\/\/powerup-at.s4.klixpert.dev\/de\/wp-json\/wp\/v2\/media?parent=30811"}],"wp:term":[{"taxonomy":"product_brand","embeddable":true,"href":"https:\/\/powerup-at.s4.klixpert.dev\/de\/wp-json\/wp\/v2\/product_brand?post=30811"},{"taxonomy":"product_cat","embeddable":true,"href":"https:\/\/powerup-at.s4.klixpert.dev\/de\/wp-json\/wp\/v2\/product_cat?post=30811"},{"taxonomy":"product_tag","embeddable":true,"href":"https:\/\/powerup-at.s4.klixpert.dev\/de\/wp-json\/wp\/v2\/product_tag?post=30811"}],"curies":[{"name":"wp","href":"https:\/\/api.w.org\/{rel}","templated":true}]}}