{"id":31138,"date":"2025-07-23T09:25:06","date_gmt":"2025-07-23T09:25:06","guid":{"rendered":"https:\/\/powerup-at.s4.klixpert.dev\/shop\/product\/spark-plug-lead\/"},"modified":"2025-08-14T09:34:18","modified_gmt":"2025-08-14T09:34:18","slug":"spark-plug-lead","status":"publish","type":"product","link":"https:\/\/powerup-at.s4.klixpert.dev\/de\/shop\/produkt\/spark-plug-lead\/","title":{"rendered":"Z\u00fcndkerzenstecker"},"content":{"rendered":"","protected":false},"excerpt":{"rendered":"<p>Z\u00fcndkerzenstecker f\u00fcr das 4000 Aggregat von MTU\u00ae.<\/p>\n","protected":false},"featured_media":31131,"comment_status":"open","ping_status":"closed","template":"","meta":{"_acf_changed":false},"product_brand":[],"product_cat":[402,544,565,502],"product_tag":[],"class_list":{"0":"post-31138","1":"product","2":"type-product","3":"status-publish","4":"has-post-thumbnail","6":"product_cat-alle-produkte","7":"product_cat-mtu-de","8":"product_cat-property4-de","9":"product_cat-zuendkerzen-zuendsysteme","11":"first","12":"instock","13":"taxable","14":"shipping-taxable","15":"purchasable","16":"product-type-simple"},"acf":[],"_links":{"self":[{"href":"https:\/\/powerup-at.s4.klixpert.dev\/de\/wp-json\/wp\/v2\/product\/31138","targetHints":{"allow":["GET"]}}],"collection":[{"href":"https:\/\/powerup-at.s4.klixpert.dev\/de\/wp-json\/wp\/v2\/product"}],"about":[{"href":"https:\/\/powerup-at.s4.klixpert.dev\/de\/wp-json\/wp\/v2\/types\/product"}],"replies":[{"embeddable":true,"href":"https:\/\/powerup-at.s4.klixpert.dev\/de\/wp-json\/wp\/v2\/comments?post=31138"}],"wp:featuredmedia":[{"embeddable":true,"href":"https:\/\/powerup-at.s4.klixpert.dev\/de\/wp-json\/wp\/v2\/media\/31131"}],"wp:attachment":[{"href":"https:\/\/powerup-at.s4.klixpert.dev\/de\/wp-json\/wp\/v2\/media?parent=31138"}],"wp:term":[{"taxonomy":"product_brand","embeddable":true,"href":"https:\/\/powerup-at.s4.klixpert.dev\/de\/wp-json\/wp\/v2\/product_brand?post=31138"},{"taxonomy":"product_cat","embeddable":true,"href":"https:\/\/powerup-at.s4.klixpert.dev\/de\/wp-json\/wp\/v2\/product_cat?post=31138"},{"taxonomy":"product_tag","embeddable":true,"href":"https:\/\/powerup-at.s4.klixpert.dev\/de\/wp-json\/wp\/v2\/product_tag?post=31138"}],"curies":[{"name":"wp","href":"https:\/\/api.w.org\/{rel}","templated":true}]}}