{"id":5980,"date":"2023-10-23T13:09:08","date_gmt":"2023-10-23T13:09:08","guid":{"rendered":"https:\/\/powerup-at.s4.klixpert.dev\/noticias\/"},"modified":"2024-01-02T13:50:30","modified_gmt":"2024-01-02T13:50:30","slug":"noticias","status":"publish","type":"page","link":"https:\/\/powerup-at.s4.klixpert.dev\/es\/noticias\/","title":{"rendered":"Noticias"},"content":{"rendered":"\n<div class=\"wp-block-columns is-layout-flex wp-container-core-columns-is-layout-28f84493 wp-block-columns-is-layout-flex\">\n<div class=\"wp-block-column is-layout-flow wp-block-column-is-layout-flow\">\n<h2 class=\"hx wp-block-heading\">Noticias<\/h2>\n\n\n\n<p>Bienvenido a la sala de noticias de PowerUP, donde te ofrecemos las \u00faltimas actualizaciones e informaci\u00f3n relevante sobre la industria de los motores de gas. Mantente conectado, mantente informado con PowerUP.<\/p>\n\n\n\r\n<div class=\"klx_decor-headline-text\">\r\n        <div class=\"decor\">\r\n        <svg width=\"16\" height=\"35\" viewBox=\"0 0 16 35\" fill=\"none\" xmlns=\"http:\/\/www.w3.org\/2000\/svg\">\r\n    <path d=\"M8 14.5882L16 10.3529L16 0L4.6375e-06 9.41176L6.85907e-06 34.8235L8 29.6471L8 14.5882Z\" fill=\"currentColor\"><\/path>\r\n<\/svg>\r\n        <span>Conocimientos sobre motores de gas<\/span>\r\n    <\/div>\r\n    \r\n    <div class=\"content\">\r\n        \r\n            <\/div>\r\n\r\n    \r\n<\/div>\r\n<div class=\"klx_blog-posts\">\r\n\r\n            <div class=\"blog-posts\">\r\n                            \r\n    <div class=\"blog-post\">\r\n        <a class=\"overlay\" href=\"https:\/\/powerup-at.s4.klixpert.dev\/es\/conocimientos\/biogas-es\/el-biogas-es-realmente-ecologico\/\" title=\"leer m\u00e1s\"><\/a>\r\n\r\n        \r\n        <h3 class=\"hx title\"><a href=\"https:\/\/powerup-at.s4.klixpert.dev\/es\/conocimientos\/biogas-es\/el-biogas-es-realmente-ecologico\/\" title=\"leer m\u00e1s\">\u00bfEl biog\u00e1s es realmente ecol\u00f3gico?<\/a><\/h3>\r\n\r\n        <div class=\"meta\">\r\n                        <div class=\"bottom\">\r\n                <div class=\"last-modified\">24. Oct 2023<\/div>\r\n                <div class=\"dot\"><\/div>\r\n                                <div class=\"reading-time\">\r\n                    <span class=\"span-reading-time rt-reading-time\"><span class=\"rt-label rt-prefix\"><\/span> <span class=\"rt-time\"> 3<\/span> <span class=\"rt-label rt-postfix\"><\/span><\/span> min de lectura                <\/div>\r\n            <\/div>\r\n        <\/div>\r\n\r\n        <div class=\"image\">\r\n            <figure class=\"image_container\"><picture><source srcset=\"https:\/\/powerup-at.s4.klixpert.dev\/app\/uploads\/2023\/10\/ist-biogas-umweltfreundlich-jpg-webp.webp\" media=\"(max-width: 449.98px)\"\/><img decoding=\"async\" loading=\"lazy\" src=\"https:\/\/powerup-at.s4.klixpert.dev\/app\/uploads\/2023\/10\/ist-biogas-umweltfreundlich-jpg-webp.webp\" width=\"569\" height=\"444\" alt=\"Ist Biogas wirklich umweltfreundlich?\" \/><\/picture><\/figure>        <\/div>\r\n\r\n        <div class=\"excerpt\">\r\n            <div class=\"text\">\r\n                \u00bfEs sostenible el biog\u00e1s? Evaluar su impacto ambiental y los desaf\u00edos en la conversi\u00f3n de residuos org\u00e1nicos en energ\u00eda.             <\/div>\r\n        <\/div>\r\n    <\/div>\r\n                            \r\n    <div class=\"blog-post\">\r\n        <a class=\"overlay\" href=\"https:\/\/powerup-at.s4.klixpert.dev\/es\/conocimientos\/biogas-es\/cual-es-la-diferencia-entre-el-gas-natural-y-el-biogas\/\" title=\"leer m\u00e1s\"><\/a>\r\n\r\n        \r\n        <h3 class=\"hx title\"><a href=\"https:\/\/powerup-at.s4.klixpert.dev\/es\/conocimientos\/biogas-es\/cual-es-la-diferencia-entre-el-gas-natural-y-el-biogas\/\" title=\"leer m\u00e1s\">\u00bfCu\u00e1l es la diferencia entre el gas natural y el biog\u00e1s?<\/a><\/h3>\r\n\r\n        <div class=\"meta\">\r\n                        <div class=\"bottom\">\r\n                <div class=\"last-modified\">24. Oct 2023<\/div>\r\n                <div class=\"dot\"><\/div>\r\n                                <div class=\"reading-time\">\r\n                    <span class=\"span-reading-time rt-reading-time\"><span class=\"rt-label rt-prefix\"><\/span> <span class=\"rt-time\"> 4<\/span> <span class=\"rt-label rt-postfix\"><\/span><\/span> min de lectura                <\/div>\r\n            <\/div>\r\n        <\/div>\r\n\r\n        <div class=\"image\">\r\n            <figure class=\"image_container\"><picture><source srcset=\"https:\/\/powerup-at.s4.klixpert.dev\/app\/uploads\/2023\/11\/difference-biogas-natural-gas-jpg.webp\" media=\"(max-width: 449.98px)\"\/><img decoding=\"async\" loading=\"lazy\" src=\"https:\/\/powerup-at.s4.klixpert.dev\/app\/uploads\/2023\/11\/difference-biogas-natural-gas-jpg.webp\" width=\"700\" height=\"393\" alt=\"What is the difference between biogas and natural gas?\" \/><\/picture><\/figure>        <\/div>\r\n\r\n        <div class=\"excerpt\">\r\n            <div class=\"text\">\r\n                \u00bfQu\u00e9 es mejor, el biog\u00e1s o el gas natural? En este art\u00edculo, analizaremos sus ventajas e inconvenientes. El biog\u00e1s y el gas natural son dos fuentes de energ\u00eda importantes que se utilizan en diferentes sectores para la generaci\u00f3n de energ\u00eda.             <\/div>\r\n        <\/div>\r\n    <\/div>\r\n                    <\/div>\r\n    \r\n    \r\n<\/div>\n<div class=\"wp-block-buttons is-content-justification-center is-layout-flex wp-container-core-buttons-is-layout-a89b3969 wp-block-buttons-is-layout-flex\">\n<div class=\"wp-block-button\"><a class=\"wp-block-button__link wp-element-button\" href=\"https:\/\/powerup-at.s4.klixpert.dev\/es\/conocimientos\/\">Lea todas las noticias<\/a><\/div>\n<\/div>\n<\/div>\n<\/div>\n\r\n<div class=\"klx_decor-contact\">\r\n\r\n        <div class=\"decor\" id=\"contact\">\r\n        <svg width=\"16\" height=\"35\" viewBox=\"0 0 16 35\" fill=\"none\" xmlns=\"http:\/\/www.w3.org\/2000\/svg\">\r\n    <path d=\"M8 14.5882L16 10.3529L16 0L4.6375e-06 9.41176L6.85907e-06 34.8235L8 29.6471L8 14.5882Z\" fill=\"currentColor\"><\/path>\r\n<\/svg>\r\n        Contact    <\/div>\r\n    \r\n    <div class=\"content\">\r\n                                <h2 class=\"headline\">Cont\u00e1ctenos<\/h2>\r\n        \r\n                    <p>Por favor, complete el formulario para contactar al equipo de expertos de PowerUP.<br \/>\nTambi\u00e9n estaremos encantados de responder a sus preguntas por tel\u00e9fono o correo electr\u00f3nico.<\/p>\n        \r\n                    <div class=\"wp-block-buttons\">\r\n                <div class=\"wp-block-button\"><a class=\"wp-block-button__link\" href=\"https:\/\/powerup-at.s4.klixpert.dev\/sales-appointment\/\" title=\"Programar una cita\">Programar una cita<svg width=\"24\" height=\"24\" viewBox=\"0 0 24 24\" fill=\"none\" xmlns=\"http:\/\/www.w3.org\/2000\/svg\">\r\n    <path d=\"M8.77473 7.22528L16.7595 7.38824L16.9225 15.373\" stroke=\"currentColor\"><\/path>\r\n    <path d=\"M17.0243 7.22529L7.12478 17.1248\" stroke=\"currentColor\"><\/path>\r\n<\/svg>\r\n<\/a><\/div>            <\/div>\r\n        \r\n                    <div class=\"desktop-only\">\n<strong>PowerUP GmbH<\/strong><br \/>\nSportplatzweg 2<br \/>\n6135 Stans, Tirol<br \/>\nAustria<br \/>\nUID: ATU71231268\n<p>Phone: <a href=\"tel:+43524264666\">+43 5242 64 666<\/a><br \/>\nE-Mail: <a href=\"mailto:office@powerup.at\">office@powerup.at<\/a>\n<\/p><\/div>\n<p><img loading=\"lazy\" decoding=\"async\" style=\"display: inline-block; width: 138px; margin-right: 20px; vertical-align: middle;\" src=\"https:\/\/powerup-at.s4.klixpert.dev\/wp-content\/uploads\/2023\/10\/iso-zertifikat-300x118.png\" alt=\"\" width=\"300\" height=\"118\" \/><img loading=\"lazy\" decoding=\"async\" style=\"display: inline-block; width: 70px; margin-right: 10px; vertical-align: middle;\" src=\"https:\/\/powerup-at.s4.klixpert.dev\/wp-content\/uploads\/2023\/10\/iqnet-zertifikat-300x300.png\" alt=\"\" width=\"300\" height=\"300\" \/><\/p>\n            <\/div>\r\n\r\n    <div class=\"form\">\r\n                    <div class=\"wpforms-container wpforms-render-modern\" id=\"wpforms-212\"><form id=\"wpforms-form-212\" class=\"wpforms-validate wpforms-form wpforms-ajax-form\" data-formid=\"212\" method=\"post\" enctype=\"multipart\/form-data\" action=\"\/es\/wp-json\/wp\/v2\/pages\/5980\" data-token=\"504a690f0f709e03565ebeee61fc8df2\" data-token-time=\"1775276869\"><noscript class=\"wpforms-error-noscript\">Por favor, activa JavaScript en tu navegador para completar este formulario.<\/noscript><div id=\"wpforms-error-noscript\" style=\"display: none;\">Por favor, activa JavaScript en tu navegador para completar este formulario.<\/div><div class=\"wpforms-field-container\"><div id=\"wpforms-212-field_1-container\" class=\"wpforms-field wpforms-field-text\" data-field-id=\"1\"><label class=\"wpforms-field-label wpforms-label-hide\" for=\"wpforms-212-field_1\" aria-hidden=\"false\">First and Last Name <span class=\"wpforms-required-label\" aria-hidden=\"true\">*<\/span><\/label><input type=\"text\" id=\"wpforms-212-field_1\" class=\"wpforms-field-medium wpforms-field-required\" name=\"wpforms[fields][1]\" placeholder=\"Name*\" aria-errormessage=\"wpforms-212-field_1-error\" required\/><\/div><div id=\"wpforms-212-field_8-container\" class=\"wpforms-field wpforms-field-email\" data-field-id=\"8\"><label class=\"wpforms-field-label wpforms-label-hide\" for=\"wpforms-212-field_8\" aria-hidden=\"false\">E-Mail Address <span class=\"wpforms-required-label\" aria-hidden=\"true\">*<\/span><\/label><input type=\"email\" id=\"wpforms-212-field_8\" class=\"wpforms-field-medium wpforms-field-required\" name=\"wpforms[fields][8]\" placeholder=\"E-Mail*\" spellcheck=\"false\" aria-errormessage=\"wpforms-212-field_8-error\" required\/><\/div>\t\t<div id=\"wpforms-212-field_3-container\"\n\t\t\tclass=\"wpforms-field wpforms-field-text\"\n\t\t\tdata-field-type=\"text\"\n\t\t\tdata-field-id=\"3\">\n\t\t\t<label class=\"wpforms-field-label\" for=\"wpforms-212-field_3\">and protection Last<\/label>\n\t\t\t<input type=\"text\" id=\"wpforms-212-field_3\" class=\"wpforms-field-medium\" name=\"wpforms[fields][3]\"\/>\n\t\t<\/div>\n\t\t<div id=\"wpforms-212-field_2-container\" class=\"wpforms-field wpforms-field-text\" data-field-id=\"2\"><label class=\"wpforms-field-label wpforms-label-hide\" for=\"wpforms-212-field_2\" aria-hidden=\"false\">Company <span class=\"wpforms-required-label\" aria-hidden=\"true\">*<\/span><\/label><input type=\"text\" id=\"wpforms-212-field_2\" class=\"wpforms-field-medium wpforms-field-required\" name=\"wpforms[fields][2]\" placeholder=\"Organization \/ Company*\" aria-errormessage=\"wpforms-212-field_2-error\" required\/><\/div><div id=\"wpforms-212-field_6-container\" class=\"wpforms-field wpforms-field-textarea\" data-field-id=\"6\"><label class=\"wpforms-field-label wpforms-label-hide\" for=\"wpforms-212-field_6\" aria-hidden=\"false\">Further details<\/label><textarea id=\"wpforms-212-field_6\" class=\"wpforms-field-medium\" name=\"wpforms[fields][6]\" placeholder=\"Message\" aria-errormessage=\"wpforms-212-field_6-error\"><\/textarea><\/div><div id=\"wpforms-212-field_7-container\" class=\"wpforms-field wpforms-field-checkbox\" data-field-id=\"7\"><fieldset><legend class=\"wpforms-field-label wpforms-label-hide\" aria-hidden=\"false\">Data protection <span class=\"wpforms-required-label\" aria-hidden=\"true\">*<\/span><\/legend><ul id=\"wpforms-212-field_7\" class=\"wpforms-field-required\"><li class=\"choice-1 depth-1\"><input type=\"checkbox\" id=\"wpforms-212-field_7_1\" name=\"wpforms[fields][7][]\" value=\"I agree to the data protection of PowerUP GmbH.\" aria-errormessage=\"wpforms-212-field_7_1-error\" required\/><label class=\"wpforms-field-label-inline\" for=\"wpforms-212-field_7_1\">I agree to the data protection of PowerUP GmbH.<\/label><\/li><\/ul><\/fieldset><\/div><script>\n\t\t\t\t( function() {\n\t\t\t\t\tconst style = document.createElement( 'style' );\n\t\t\t\t\tstyle.appendChild( document.createTextNode( '#wpforms-212-field_3-container { position: absolute !important; overflow: hidden !important; display: inline !important; height: 1px !important; width: 1px !important; z-index: -1000 !important; padding: 0 !important; } #wpforms-212-field_3-container input { visibility: hidden; } #wpforms-conversational-form-page #wpforms-212-field_3-container label { counter-increment: none; }' ) );\n\t\t\t\t\tdocument.head.appendChild( style );\n\t\t\t\t\tdocument.currentScript?.remove();\n\t\t\t\t} )();\n\t\t\t<\/script><\/div><!-- .wpforms-field-container --><div class=\"wpforms-recaptcha-container wpforms-is-recaptcha wpforms-is-recaptcha-type-v3\"><input type=\"hidden\" name=\"wpforms[recaptcha]\" value=\"\"\/><\/div><div class=\"wpforms-submit-container\"><input type=\"hidden\" name=\"wpforms[id]\" value=\"212\"\/><input type=\"hidden\" name=\"page_title\" value=\"\"\/><input type=\"hidden\" name=\"page_url\" value=\"https:\/\/powerup-at.s4.klixpert.dev\/es\/wp-json\/wp\/v2\/pages\/5980\"\/><input type=\"hidden\" name=\"url_referer\" value=\"\"\/><button type=\"submit\" name=\"wpforms[submit]\" id=\"wpforms-submit-212\" class=\"wpforms-submit\" data-alt-text=\"Sending...\" data-submit-text=\"Enviar solicitud\" aria-live=\"assertive\" value=\"wpforms-submit\">Enviar solicitud<\/button><img loading=\"lazy\" decoding=\"async\" src=\"https:\/\/powerup-at.s4.klixpert.dev\/app\/plugins\/wpforms\/assets\/images\/submit-spin.svg\" class=\"wpforms-submit-spinner\" style=\"display: none;\" width=\"26\" height=\"26\" alt=\"Cargando\"\/><div data-id=\"wpforms-212\" style=\"display:none\"><svg width=\"24\" height=\"24\" viewBox=\"0 0 24 24\" fill=\"none\" xmlns=\"http:\/\/www.w3.org\/2000\/svg\">\r\n    <path d=\"M8.77473 7.22528L16.7595 7.38824L16.9225 15.373\" stroke=\"currentColor\"><\/path>\r\n    <path d=\"M17.0243 7.22529L7.12478 17.1248\" stroke=\"currentColor\"><\/path>\r\n<\/svg>\r\n<\/div>\n    <script>\n        var form = document.getElementById(\"wpforms-212\");\n        var submitButton = form.querySelector(\"button[type='submit']\");\n        if (submitButton) {\n            var svg = submitButton.parentElement.querySelector(\"svg\");\n            if (svg) {                \n                submitButton.appendChild(svg);\n                svg.style.display = \"block\";\n            }\n        }\n    <\/script>\n    <\/div><\/form><\/div>  <!-- .wpforms-container -->            <\/div>\r\n\r\n<\/div>\n\n","protected":false},"excerpt":{"rendered":"<p>Noticias Bienvenido a la sala de noticias de PowerUP, donde te ofrecemos las \u00faltimas actualizaciones e informaci\u00f3n relevante sobre la industria de los motores de gas. Mantente conectado, mantente informado con PowerUP.<\/p>\n","protected":false},"author":1,"featured_media":0,"parent":0,"menu_order":207,"comment_status":"closed","ping_status":"closed","template":"","meta":{"_acf_changed":false,"footnotes":""},"class_list":["post-5980","page","type-page","status-publish","hentry"],"acf":[],"_links":{"self":[{"href":"https:\/\/powerup-at.s4.klixpert.dev\/es\/wp-json\/wp\/v2\/pages\/5980","targetHints":{"allow":["GET"]}}],"collection":[{"href":"https:\/\/powerup-at.s4.klixpert.dev\/es\/wp-json\/wp\/v2\/pages"}],"about":[{"href":"https:\/\/powerup-at.s4.klixpert.dev\/es\/wp-json\/wp\/v2\/types\/page"}],"author":[{"embeddable":true,"href":"https:\/\/powerup-at.s4.klixpert.dev\/es\/wp-json\/wp\/v2\/users\/1"}],"replies":[{"embeddable":true,"href":"https:\/\/powerup-at.s4.klixpert.dev\/es\/wp-json\/wp\/v2\/comments?post=5980"}],"version-history":[{"count":0,"href":"https:\/\/powerup-at.s4.klixpert.dev\/es\/wp-json\/wp\/v2\/pages\/5980\/revisions"}],"wp:attachment":[{"href":"https:\/\/powerup-at.s4.klixpert.dev\/es\/wp-json\/wp\/v2\/media?parent=5980"}],"curies":[{"name":"wp","href":"https:\/\/api.w.org\/{rel}","templated":true}]}}