{"id":5998,"date":"2023-10-26T09:44:19","date_gmt":"2023-10-26T09:44:19","guid":{"rendered":"https:\/\/powerup-at.s4.klixpert.dev\/aviso-del-sitio-web\/"},"modified":"2025-04-07T12:57:37","modified_gmt":"2025-04-07T12:57:37","slug":"aviso-del-sitio-web","status":"publish","type":"page","link":"https:\/\/powerup-at.s4.klixpert.dev\/es\/aviso-del-sitio-web\/","title":{"rendered":"Aviso del sitio web"},"content":{"rendered":"\n<h1 class=\"hx wp-block-heading\">Aviso legal del sitio<\/h1>\n\n\n\n<h2 class=\"hx wp-block-heading\">Informaci\u00f3n de acuerdo con la Secci\u00f3n 5 de la Ley Alemana de Telemedios (TMG)<\/h2>\n\n\n\n<p>PowerUP GmbH<br \/>Sportplatzweg 2<br \/>6135 Stans<\/p>\n\n\n\n<p><strong>Representado por:<\/strong><br \/>Ing. Eugen Laner<\/p>\n\n\n\n<h2 class=\"hx wp-block-heading\">Contacto<\/h2>\n\n\n\n<p>Tel\u00e9fono: +43 5242 64 666<br \/>Correo electr\u00f3nico: office@powerup.at<\/p>\n\n\n\n<h2 class=\"hx wp-block-heading\">Identificador de IVA<\/h2>\n\n\n\n<p>N\u00famero de identificaci\u00f3n del impuesto sobre las ventas de acuerdo a la Secci\u00f3n 27a de la Ley del Impuesto sobre las Ventas: ATU71231268<\/p>\n\n\n\n<h2 class=\"hx wp-block-heading\">Persona responsable de la redacci\u00f3n<\/h2>\n\n\n\n<p>Thomas Achrainer<br \/>PowerUP GmbH<br \/>Sportplatzweg 2<br \/>6135 Stans<br \/><br \/>Tel\u00e9fono: +43 5242 64 666<br \/>Correo electr\u00f3nico: office@powerup.at<\/p>\n\n\n\n<h2 class=\"hx wp-block-heading\">Resoluci\u00f3n de conflictos de la UE<\/h2>\n\n\n\n<p>La Comisi\u00f3n Europea ofrece una plataforma para la resoluci\u00f3n de disputas en l\u00ednea (ODR): <a href=\"https:\/\/ec.europa.eu\/consumers\/odr\/\" target=\"_blank\" rel=\"noreferrer noopener\">https:\/\/ec.europa.eu\/consumers\/odr\/<\/a>.<br \/>Puede encontrar nuestra direcci\u00f3n de correo electr\u00f3nico arriba, en el aviso del sitio.<\/p>\n\n\n\n<h2 class=\"hx wp-block-heading\">Marketing online continuo<\/h2>\n\n\n\n<p>Klixpert.io, la agencia de marketing de crecimiento, se encarga de la concepci\u00f3n, creaci\u00f3n y optimizaci\u00f3n continua del sitio web, el desarrollo continuo de textos y contenidos, el marketing de resultados y el marketing de atracci\u00f3n: Digital. Ventas. Ahora.<\/p>\n\n\n\n\n\n\n\n<h2 class=\"hx wp-block-heading\">Fotograf\u00eda de productos para la tienda en l\u00ednea<\/h2>\n\n\n\n<p>Las fotos de productos en <a href=\"https:\/\/powerup-at.s4.klixpert.dev\/shop\/\">la tienda en l\u00ednea de PowerUP GmbH<\/a> son realizadas por <a href=\"https:\/\/maximalgrafik.myportfolio.com\">Maximilian K\u00f6ck, Maximalgrafik<\/a>.<\/p>\n\n\n\n\n","protected":false},"excerpt":{"rendered":"<p>Aviso legal del sitio Informaci\u00f3n de acuerdo con la Secci\u00f3n 5 de la Ley Alemana de Telemedios (TMG) PowerUP GmbHSportplatzweg 26135 Stans Representado por:Ing. Eugen Laner Contacto Tel\u00e9fono: +43 5242 64 666Correo electr\u00f3nico: office@powerup.at Identificador de IVA N\u00famero de identificaci\u00f3n del impuesto sobre las ventas de acuerdo a la Secci\u00f3n 27a de la Ley del [&hellip;]<\/p>\n","protected":false},"author":1,"featured_media":0,"parent":0,"menu_order":87,"comment_status":"closed","ping_status":"closed","template":"","meta":{"_acf_changed":false,"footnotes":""},"class_list":["post-5998","page","type-page","status-publish","hentry"],"acf":[],"_links":{"self":[{"href":"https:\/\/powerup-at.s4.klixpert.dev\/es\/wp-json\/wp\/v2\/pages\/5998","targetHints":{"allow":["GET"]}}],"collection":[{"href":"https:\/\/powerup-at.s4.klixpert.dev\/es\/wp-json\/wp\/v2\/pages"}],"about":[{"href":"https:\/\/powerup-at.s4.klixpert.dev\/es\/wp-json\/wp\/v2\/types\/page"}],"author":[{"embeddable":true,"href":"https:\/\/powerup-at.s4.klixpert.dev\/es\/wp-json\/wp\/v2\/users\/1"}],"replies":[{"embeddable":true,"href":"https:\/\/powerup-at.s4.klixpert.dev\/es\/wp-json\/wp\/v2\/comments?post=5998"}],"version-history":[{"count":0,"href":"https:\/\/powerup-at.s4.klixpert.dev\/es\/wp-json\/wp\/v2\/pages\/5998\/revisions"}],"wp:attachment":[{"href":"https:\/\/powerup-at.s4.klixpert.dev\/es\/wp-json\/wp\/v2\/media?parent=5998"}],"curies":[{"name":"wp","href":"https:\/\/api.w.org\/{rel}","templated":true}]}}