{"id":6001,"date":"2023-10-31T10:34:42","date_gmt":"2023-10-31T10:34:42","guid":{"rendered":"https:\/\/powerup-at.s4.klixpert.dev\/vende-tu-motor\/"},"modified":"2024-02-20T09:23:05","modified_gmt":"2024-02-20T09:23:05","slug":"vende-tu-motor","status":"publish","type":"page","link":"https:\/\/powerup-at.s4.klixpert.dev\/es\/motores\/vende-tu-motor\/","title":{"rendered":"Vende tu motor"},"content":{"rendered":"\n<!-- ilj_no_linking -->\n<div class=\"klx_hero\" data-layout=\"default\" style=\"--duration: 4600ms;\">\n\n        <div class=\"content\">\n        <div class=\"inner\">\n\n                                            <h1 class=\"headline\">Vende tu motor<\/h1>\n            \n            \n                            <div class=\"desc\"><p><span style=\"font-weight: 400;\">Nuestra experiencia en el campo asegura una evaluaci\u00f3n justa, y nuestra presencia global nos permite facilitar las ventas de motores de gas desde cualquier parte del mundo.<\/span><\/p>\n<\/div>\n            \n                            <div class=\"wp-block-buttons\">\n                    <div class=\"wp-block-button\"><a class=\"wp-block-button__link\" href=\"https:\/\/powerup-at.s4.klixpert.dev\/contact\/\" title=\"Send your inquiry\">Send your inquiry<svg width=\"24\" height=\"24\" viewBox=\"0 0 24 24\" fill=\"none\" xmlns=\"http:\/\/www.w3.org\/2000\/svg\">\r\n    <path d=\"M8.77473 7.22528L16.7595 7.38824L16.9225 15.373\" stroke=\"currentColor\"><\/path>\r\n    <path d=\"M17.0243 7.22529L7.12478 17.1248\" stroke=\"currentColor\"><\/path>\r\n<\/svg>\r\n<\/a><\/div>                <\/div>\n            \n                        \n        <\/div>\n    <\/div>\n    \n    <div id=\"el-69d03a609d1cd\" class=\"slider swiper-container\">\n        <div class=\"swiper-wrapper\">\n                            <div class=\"swiper-slide\">\n\n                    \n                    <div class=\"background\">\n                        \n                                                    <figure class=\"image_container default\"><picture><source srcset=\"https:\/\/powerup-at.s4.klixpert.dev\/app\/uploads\/2023\/11\/sell-your-engine-493x504.webp\" media=\"(max-width: 449.98px)\"\/><source srcset=\"https:\/\/powerup-at.s4.klixpert.dev\/app\/uploads\/2023\/11\/sell-your-engine-633x504.webp\" media=\"(max-width: 575.98px)\"\/><source srcset=\"https:\/\/powerup-at.s4.klixpert.dev\/app\/uploads\/2023\/11\/sell-your-engine-921x550.webp\" media=\"(max-width: 767.98px)\"\/><source srcset=\"https:\/\/powerup-at.s4.klixpert.dev\/app\/uploads\/2023\/11\/sell-your-engine-1190x787.webp\" media=\"(max-width: 991.98px)\"\/><source srcset=\"https:\/\/powerup-at.s4.klixpert.dev\/app\/uploads\/2023\/11\/sell-your-engine-1440x787.webp\" media=\"(max-width: 1199.98px)\"\/><source srcset=\"https:\/\/powerup-at.s4.klixpert.dev\/app\/uploads\/2023\/11\/sell-your-engine-1920x787.webp\" media=\"(max-width: 1600px)\"\/><img loading=\"lazy\" decoding=\"async\" src=\"https:\/\/powerup-at.s4.klixpert.dev\/app\/uploads\/2023\/11\/sell-your-engine-2304x787.webp\" width=\"2304\" height=\"787\" alt=\"Sell your engine\" \/><\/picture><\/figure>                                            <\/div>\n                <\/div>\n                    <\/div>\n\t<\/div>\n\n    \n    \n    <div id=\"el-69d03a609d1cd_pagination\" class=\"swiper-pagination\"><\/div>\n\n    <script type=\"text\/javascript\">\n\t\t\/\/ document.addEventListener('DOMContentLoaded', function(){ \n\t\twindow.addEventListener('load', function() {\n\n                var swiperEl = document.getElementById('el-69d03a609d1cd');\n\t\t        var slidesCount = swiperEl ? document.querySelectorAll('#el-69d03a609d1cd .swiper-slide').length : 0;\n\n\t\t        var loop = false;\n\t\t        if(slidesCount > 1) {\n\t\t        \tvar loop = true;\n\t\t        }\n\n                \/\/ Load and play first video if it should autoplay\n                function loadAndPlayVideo(videoElement) {\n                    if(videoElement && videoElement.getAttribute('data-autoplay') === 'true') {\n                        videoElement.load();\n                        videoElement.play().catch(function(error) {\n                            \/\/ Autoplay was prevented, which is fine\n                        });\n                    }\n                }\n\n                \/\/ Load first slide's video immediately (works for both Swiper and non-Swiper)\n                var firstSlide = swiperEl ? swiperEl.querySelector('.swiper-slide:first-child') : null;\n                if(firstSlide) {\n                    var firstVideo = firstSlide.querySelector('video');\n                    if(firstVideo) {\n                        loadAndPlayVideo(firstVideo);\n                    }\n                }\n\n                function changeActiveClass(swiper) {\n                    var _swiper = swiper;\n                    var activeSlide = _swiper.el.querySelector('.swiper-slide.swiper-slide-active');\n                    activeSlide.classList.add('active');\n                    \n                    \/\/ Load video for active slide if it has a lazy-loaded video\n                    var activeVideo = activeSlide.querySelector('video source[data-src]');\n                    if(activeVideo) {\n                        var videoElement = activeVideo.parentElement;\n                        activeVideo.setAttribute('src', activeVideo.getAttribute('data-src'));\n                        activeVideo.removeAttribute('data-src');\n                        videoElement.setAttribute('data-autoplay', 'true');\n                        loadAndPlayVideo(videoElement);\n                    } else {\n                        \/\/ Video already has src, just play it if it should autoplay\n                        var existingVideo = activeSlide.querySelector('video');\n                        if(existingVideo && existingVideo.getAttribute('data-autoplay') === 'true') {\n                            existingVideo.play().catch(function(error) {\n                                \/\/ Autoplay was prevented, which is fine\n                            });\n                        }\n                    }\n                    \n                    setTimeout(function() {\n                        var _item = _swiper.el.querySelector('.swiper-slide:not(.swiper-slide-active)');\n                        if(_item) {\n                            _item.classList.remove('active');\n                            \/\/ Pause videos in inactive slides\n                            var inactiveVideo = _item.querySelector('video');\n                            if(inactiveVideo) {\n                                inactiveVideo.pause();\n                            }\n                        }\n                    }, 1000);\n                }\n\n                \/\/ Only initialize Swiper if there are multiple slides\n                \n\t\t}, false);\n    <\/script>\n\n<\/div>\n<!-- \/ilj_no_linking -->\r\n<div class=\"klx_decor-headline-text\">\r\n    \r\n    <div class=\"content\">\r\n                                <h2 class=\"headline\">Venda su motor de gasolina, generador o grupo electr\u00f3geno a PowerUP<\/h2>\r\n        \r\n                    <p><!-- wp:paragraph --><\/p>\n<p>\u00bfDesea vender un motor de gas, generador o grupo electr\u00f3geno en funcionamiento? \u00bfEst\u00e1 considerando una actualizaci\u00f3n y desea intercambiar el actual? PowerUP ofrece una oportunidad tanto para individuos como para empresas. Nos enorgullece brindar tarifas competitivas y un proceso de transacci\u00f3n sin problemas para aquellos que desean vender su motor de gas, generador o grupo electr\u00f3geno.<\/p>\n<p><!-- \/wp:paragraph --> <!-- wp:paragraph --><\/p>\n<p>Al elegir vender su motor de gas a PowerUP, se asociar\u00e1 con un l\u00edder de confianza en la industria dedicado al beneficio mutuo y la sostenibilidad. Adquirimos productos de Jenbacher\u00ae, MWM\u00ae y otros fabricantes.<\/p>\n<p><!--\/wp:paragraph --><\/p>\n            <\/div>\r\n\r\n        <div class=\"button\">\r\n        <div class=\"wp-block-buttons\">\r\n            <div class=\"wp-block-button\"><a class=\"wp-block-button__link\" href=\"https:\/\/powerup-at.s4.klixpert.dev\/contact\/\" title=\"Contact us\">Contact us<svg width=\"24\" height=\"24\" viewBox=\"0 0 24 24\" fill=\"none\" xmlns=\"http:\/\/www.w3.org\/2000\/svg\">\r\n    <path d=\"M8.77473 7.22528L16.7595 7.38824L16.9225 15.373\" stroke=\"currentColor\"><\/path>\r\n    <path d=\"M17.0243 7.22529L7.12478 17.1248\" stroke=\"currentColor\"><\/path>\r\n<\/svg>\r\n<\/a><\/div>        <\/div>\r\n    <\/div>\r\n    \r\n<\/div>\n<div class=\"wp-block-columns has-image is-layout-flex wp-container-core-columns-is-layout-28f84493 wp-block-columns-is-layout-flex\">\n<div class=\"wp-block-column is-layout-flow wp-block-column-is-layout-flow\">\n<h2 class=\"hx wp-block-heading\">Vende tu motor de gas Jenbacher\u00ae o MWM\u00ae<\/h2>\n\n\n\n<p>\u00bfEst\u00e1 buscando vender su motor de gas Jenbacher\u00ae o MWM\u00ae? PowerUP es la soluci\u00f3n ideal.<br \/><br \/>Como comprador de renombre en el mercado, nos especializamos en la adquisici\u00f3n de una amplia gama de motores Jenbacher\u00ae y MWM\u00ae. Para comenzar, simplemente proporci\u00f3nenos los n\u00fameros de serie de sus motores, desde el Jenbacher\u00ae Tipo 4 hasta el MWM\u00ae TCG 2016, TCG 3020, etc. Esta informaci\u00f3n nos permite identificar con precisi\u00f3n su modelo y comprender su historial<\/p>\n\n\n\n<p>Damos la bienvenida a motores en cualquier condici\u00f3n, ya sean nuevos, ligeramente usados o que necesiten reparaciones importantes. En PowerUP, le ofrecemos tarifas competitivas, asegurando que reciba una oferta justa y atractiva por su motor. No espere m\u00e1s, \u00a1contactenos hoy mismo para obtener una valoraci\u00f3n!<\/p>\n\n\n\n<div class=\"wp-block-buttons is-layout-flex wp-block-buttons-is-layout-flex\">\n<div class=\"wp-block-button\"><a class=\"wp-block-button__link wp-element-button\" href=\"https:\/\/powerup-at.s4.klixpert.dev\/es\/contacto\/\">Cont\u00e1ctanos<\/a><\/div>\n<\/div>\n<\/div>\n\n\n\n<div class=\"wp-block-column has-image is-layout-flow wp-block-column-is-layout-flow\"><div class=\"wp-block-image\"><figure class=\"image_container\"><a href=\"https:\/\/powerup-at.s4.klixpert.dev\/app\/uploads\/2023\/12\/sell-gas-engine-generator-genset-1024x768.webp\" data-lightbox data-pswp-width=\"1024\" data-pswp-height=\"768\" data-cropped=\"true\"><img decoding=\"async\" sizes=\"auto, (max-width: 1024px) 100vw, 1024px\" loading=\"lazy\" src=\"https:\/\/powerup-at.s4.klixpert.dev\/app\/uploads\/2023\/12\/sell-gas-engine-generator-genset-1024x768.webp\" width=\"1024\" height=\"768\" alt=\"Sell your Gas Engine, Generator or Genset to PowerUP\" \/><\/a><\/figure><\/div><\/div>\n<\/div>\n<div class=\"klx_banner\" data-style=\"default\">\r\n    \r\n    <div class=\"items\">\r\n                                    <div class=\"item\">\r\n                                        <div class=\"text\">\r\n                        Cantidad de piezas de repuesto diferentes                    <\/div>\r\n                                                            <div class=\"number\">\r\n                        <span data-js=\"counter\" data-start=\"0\" data-end=\"10000\">0<\/span>\r\n                        <span class=\"suffix\">+<\/span>                    <\/div>\r\n                                    <\/div>\r\n                            <div class=\"item\">\r\n                                        <div class=\"text\">\r\n                        Satisfacci\u00f3n del cliente                    <\/div>\r\n                                                            <div class=\"number\">\r\n                        <span data-js=\"counter\" data-start=\"0\" data-end=\"97.6\">0<\/span>\r\n                        <span class=\"suffix\">%<\/span>                    <\/div>\r\n                                    <\/div>\r\n                            <div class=\"item\">\r\n                                        <div class=\"text\">\r\n                        Pa\u00edses servidos                    <\/div>\r\n                                                            <div class=\"number\">\r\n                        <span data-js=\"counter\" data-start=\"0\" data-end=\"52\">0<\/span>\r\n                                            <\/div>\r\n                                    <\/div>\r\n                        <\/div>\r\n\r\n    <div class=\"background\">\r\n                    <div class=\"image\">\r\n                <figure class=\"image_container\"><picture><img decoding=\"async\" loading=\"lazy\" src=\"https:\/\/powerup-at.s4.klixpert.dev\/app\/uploads\/2023\/10\/gas-engine-2.svg\" width=\"1062\" height=\"497\" alt=\"\" \/><\/picture><\/figure>        <\/div>\r\n            <\/div>\r\n\r\n<\/div>\n<div class=\"wp-block-columns has-image is-layout-flex wp-container-core-columns-is-layout-28f84493 wp-block-columns-is-layout-flex\">\n<div class=\"wp-block-column has-image is-layout-flow wp-block-column-is-layout-flow\"><div class=\"wp-block-image\"><figure class=\"image_container\"><a href=\"https:\/\/powerup-at.s4.klixpert.dev\/app\/uploads\/2023\/12\/sell-gas-engine-manufacturer-independent-1024x768.webp\" data-lightbox data-pswp-width=\"1024\" data-pswp-height=\"768\" data-cropped=\"true\"><img decoding=\"async\" sizes=\"auto, (max-width: 1024px) 100vw, 1024px\" loading=\"lazy\" src=\"https:\/\/powerup-at.s4.klixpert.dev\/app\/uploads\/2023\/12\/sell-gas-engine-manufacturer-independent-1024x768.webp\" width=\"1024\" height=\"768\" alt=\"Sell your gas engine to PowerUP \u2014 Manufacturer-independent\" \/><\/a><\/figure><\/div><\/div>\n\n\n\n<div class=\"wp-block-column is-layout-flow wp-block-column-is-layout-flow\">\n<h2 class=\"hx wp-block-heading\">Venda su motor de gas a PowerUP \u2014 Sin importar el fabricante<\/h2>\n\n\n\n<p>Vende tu motor de gas a PowerUP, donde nos posicionamos con orgullo como compradores independientes del fabricante. Nuestra posici\u00f3n en el mercado nos permite dar la bienvenida a motores de gas de todas las marcas y modelos<\/p>\n\n\n\n<p>Ya sea que posea un motor Jenbacher\u00ae, MWM\u00ae, Caterpillar\u00ae u otra marca, PowerUP es su destino ideal para vender su motor. Reconocemos el valor en una diversa gama de motores de gas. Env\u00edenos los detalles de su motor de gas, generador o grupo electr\u00f3geno: nuestros expertos responder\u00e1n a su consulta.<\/p>\n\n\n\n<div class=\"wp-block-buttons is-layout-flex wp-block-buttons-is-layout-flex\">\n<div class=\"wp-block-button\"><a class=\"wp-block-button__link wp-element-button\">Hablemos<\/a><\/div>\n<\/div>\n<\/div>\n<\/div>\n\r\n<div class=\"klx_decor-headline-text\">\r\n        <div class=\"decor\">\r\n        <svg width=\"16\" height=\"35\" viewBox=\"0 0 16 35\" fill=\"none\" xmlns=\"http:\/\/www.w3.org\/2000\/svg\">\r\n    <path d=\"M8 14.5882L16 10.3529L16 0L4.6375e-06 9.41176L6.85907e-06 34.8235L8 29.6471L8 14.5882Z\" fill=\"currentColor\"><\/path>\r\n<\/svg>\r\n        <span>Conocimientos sobre motores de gas<\/span>\r\n    <\/div>\r\n    \r\n    <div class=\"content\">\r\n        \r\n            <\/div>\r\n\r\n    \r\n<\/div>\r\n<div class=\"klx_blog-posts\">\r\n\r\n            <div class=\"blog-posts\">\r\n                            \r\n    <div class=\"blog-post\">\r\n        <a class=\"overlay\" href=\"https:\/\/powerup-at.s4.klixpert.dev\/es\/conocimientos\/biogas-es\/el-biogas-es-realmente-ecologico\/\" title=\"leer m\u00e1s\"><\/a>\r\n\r\n        \r\n        <h3 class=\"hx title\"><a href=\"https:\/\/powerup-at.s4.klixpert.dev\/es\/conocimientos\/biogas-es\/el-biogas-es-realmente-ecologico\/\" title=\"leer m\u00e1s\">\u00bfEl biog\u00e1s es realmente ecol\u00f3gico?<\/a><\/h3>\r\n\r\n        <div class=\"meta\">\r\n                        <div class=\"bottom\">\r\n                <div class=\"last-modified\">24. Oct 2023<\/div>\r\n                <div class=\"dot\"><\/div>\r\n                                <div class=\"reading-time\">\r\n                    <span class=\"span-reading-time rt-reading-time\"><span class=\"rt-label rt-prefix\"><\/span> <span class=\"rt-time\"> 3<\/span> <span class=\"rt-label rt-postfix\"><\/span><\/span> min de lectura                <\/div>\r\n            <\/div>\r\n        <\/div>\r\n\r\n        <div class=\"image\">\r\n            <figure class=\"image_container\"><picture><source srcset=\"https:\/\/powerup-at.s4.klixpert.dev\/app\/uploads\/2023\/10\/ist-biogas-umweltfreundlich-jpg-webp.webp\" media=\"(max-width: 449.98px)\"\/><img decoding=\"async\" loading=\"lazy\" src=\"https:\/\/powerup-at.s4.klixpert.dev\/app\/uploads\/2023\/10\/ist-biogas-umweltfreundlich-jpg-webp.webp\" width=\"569\" height=\"444\" alt=\"Ist Biogas wirklich umweltfreundlich?\" \/><\/picture><\/figure>        <\/div>\r\n\r\n        <div class=\"excerpt\">\r\n            <div class=\"text\">\r\n                \u00bfEs sostenible el biog\u00e1s? Evaluar su impacto ambiental y los desaf\u00edos en la conversi\u00f3n de residuos org\u00e1nicos en energ\u00eda.             <\/div>\r\n        <\/div>\r\n    <\/div>\r\n                            \r\n    <div class=\"blog-post\">\r\n        <a class=\"overlay\" href=\"https:\/\/powerup-at.s4.klixpert.dev\/es\/conocimientos\/biogas-es\/cual-es-la-diferencia-entre-el-gas-natural-y-el-biogas\/\" title=\"leer m\u00e1s\"><\/a>\r\n\r\n        \r\n        <h3 class=\"hx title\"><a href=\"https:\/\/powerup-at.s4.klixpert.dev\/es\/conocimientos\/biogas-es\/cual-es-la-diferencia-entre-el-gas-natural-y-el-biogas\/\" title=\"leer m\u00e1s\">\u00bfCu\u00e1l es la diferencia entre el gas natural y el biog\u00e1s?<\/a><\/h3>\r\n\r\n        <div class=\"meta\">\r\n                        <div class=\"bottom\">\r\n                <div class=\"last-modified\">24. Oct 2023<\/div>\r\n                <div class=\"dot\"><\/div>\r\n                                <div class=\"reading-time\">\r\n                    <span class=\"span-reading-time rt-reading-time\"><span class=\"rt-label rt-prefix\"><\/span> <span class=\"rt-time\"> 4<\/span> <span class=\"rt-label rt-postfix\"><\/span><\/span> min de lectura                <\/div>\r\n            <\/div>\r\n        <\/div>\r\n\r\n        <div class=\"image\">\r\n            <figure class=\"image_container\"><picture><source srcset=\"https:\/\/powerup-at.s4.klixpert.dev\/app\/uploads\/2023\/11\/difference-biogas-natural-gas-jpg.webp\" media=\"(max-width: 449.98px)\"\/><img decoding=\"async\" loading=\"lazy\" src=\"https:\/\/powerup-at.s4.klixpert.dev\/app\/uploads\/2023\/11\/difference-biogas-natural-gas-jpg.webp\" width=\"700\" height=\"393\" alt=\"What is the difference between biogas and natural gas?\" \/><\/picture><\/figure>        <\/div>\r\n\r\n        <div class=\"excerpt\">\r\n            <div class=\"text\">\r\n                \u00bfQu\u00e9 es mejor, el biog\u00e1s o el gas natural? En este art\u00edculo, analizaremos sus ventajas e inconvenientes. El biog\u00e1s y el gas natural son dos fuentes de energ\u00eda importantes que se utilizan en diferentes sectores para la generaci\u00f3n de energ\u00eda.             <\/div>\r\n        <\/div>\r\n    <\/div>\r\n                    <\/div>\r\n    \r\n    \r\n<\/div>\n<div class=\"wp-block-buttons is-content-justification-center is-layout-flex wp-container-core-buttons-is-layout-a89b3969 wp-block-buttons-is-layout-flex\">\n<div class=\"wp-block-button\"><a class=\"wp-block-button__link wp-element-button\" href=\"https:\/\/powerup-at.s4.klixpert.dev\/es\/conocimientos\/\">Lea todas las noticias<\/a><\/div>\n<\/div>\n<div class=\"klx_faq klx_accordions\">\r\n\r\n                    <h2 class=\"hx\">Preguntas frecuentes sobre la venta de su motor<\/h2>\r\n    \r\n    <div class=\"accordions items\">\r\n                                                                    <div class=\"accordion item\">\r\n                    <div class=\"toggler\">\r\n                                                <h3 class=\"hx\">\r\n                            \u00bfPuedo vender mi motor de gas a PowerUP?                        <\/h3>\r\n                                                <div class=\"icon\">\r\n                            <svg width=\"32\" height=\"32\" viewBox=\"0 0 32 32\" fill=\"none\" xmlns=\"http:\/\/www.w3.org\/2000\/svg\">\r\n    <path d=\"M32 15.8394L0 15.8394\" stroke=\"currentColor\"><\/path>\r\n    <path d=\"M15.8392 32L15.8392 0\" stroke=\"currentColor\"><\/path>\r\n<\/svg>\r\n                        <\/div>\r\n                    <\/div>\r\n                    <div class=\"content\" style=\"display:none\">\r\n                        <div class=\"inner\">\r\n                                                    <p><span style=\"font-weight: 400;\">S\u00ed, puedes vender tu motor de gas a PowerUP. Te damos la bienvenida a vender tus motores de gas operativos. Nuestro proceso es sencillo y nos enorgullece hacer que la transacci\u00f3n sea lo m\u00e1s fluida posible. Si est\u00e1s considerando vender tu motor de gas, cont\u00e1ctanos y te guiaremos en los pasos a seguir.<\/span><\/p>\n                                                <\/div>\r\n                    <\/div>\r\n                <\/div>\r\n                                                            <div class=\"accordion item\">\r\n                    <div class=\"toggler\">\r\n                                                <h3 class=\"hx\">\r\n                            \u00bfCu\u00e1nto vale mi motor de gas?                        <\/h3>\r\n                                                <div class=\"icon\">\r\n                            <svg width=\"32\" height=\"32\" viewBox=\"0 0 32 32\" fill=\"none\" xmlns=\"http:\/\/www.w3.org\/2000\/svg\">\r\n    <path d=\"M32 15.8394L0 15.8394\" stroke=\"currentColor\"><\/path>\r\n    <path d=\"M15.8392 32L15.8392 0\" stroke=\"currentColor\"><\/path>\r\n<\/svg>\r\n                        <\/div>\r\n                    <\/div>\r\n                    <div class=\"content\" style=\"display:none\">\r\n                        <div class=\"inner\">\r\n                                                    <p><span style=\"font-weight: 400;\">El valor de su motor de gas depende de varios factores, incluyendo su antig\u00fcedad, estado, modelo y demanda del mercado. Para obtener una evaluaci\u00f3n precisa del valor de su motor de gas, por favor proporci\u00f3nenos informaci\u00f3n detallada sobre el motor. Nuestro equipo lo evaluar\u00e1 y le ofrecer\u00e1 una tarifa competitiva basada en su valor de mercado actual.<\/span><\/p>\n                                                <\/div>\r\n                    <\/div>\r\n                <\/div>\r\n                                                            <div class=\"accordion item\">\r\n                    <div class=\"toggler\">\r\n                                                <h3 class=\"hx\">\r\n                            \u00bfPuede PowerUP tambi\u00e9n realizar mejoras en mi motor de gas?                        <\/h3>\r\n                                                <div class=\"icon\">\r\n                            <svg width=\"32\" height=\"32\" viewBox=\"0 0 32 32\" fill=\"none\" xmlns=\"http:\/\/www.w3.org\/2000\/svg\">\r\n    <path d=\"M32 15.8394L0 15.8394\" stroke=\"currentColor\"><\/path>\r\n    <path d=\"M15.8392 32L15.8392 0\" stroke=\"currentColor\"><\/path>\r\n<\/svg>\r\n                        <\/div>\r\n                    <\/div>\r\n                    <div class=\"content\" style=\"display:none\">\r\n                        <div class=\"inner\">\r\n                                                    <p>S\u00ed, PowerUP ofrece servicios de mejora para motores de gas. Si est\u00e1s buscando mejorar el rendimiento o la eficiencia de tu motor de gas, nuestro equipo de expertos puede evaluar tu sistema actual y recomendar las mejores actualizaciones. Nos especializamos en proporcionar soluciones a medida que satisfacen tus necesidades espec\u00edficas y garantizan que tu motor funcione al m\u00e1ximo de su capacidad<\/p>\n                                                <\/div>\r\n                    <\/div>\r\n                <\/div>\r\n                        <\/div>\r\n\r\n    <\/div>\r\n","protected":false},"excerpt":{"rendered":"<p>Vende tu motor de gas Jenbacher\u00ae o MWM\u00ae \u00bfEst\u00e1 buscando vender su motor de gas Jenbacher\u00ae o MWM\u00ae? PowerUP es la soluci\u00f3n ideal. Como comprador de renombre en el mercado, nos especializamos en la adquisici\u00f3n de una amplia gama de motores Jenbacher\u00ae y MWM\u00ae. Para comenzar, simplemente proporci\u00f3nenos los n\u00fameros de serie de sus motores, [&hellip;]<\/p>\n","protected":false},"author":1,"featured_media":0,"parent":6008,"menu_order":77,"comment_status":"closed","ping_status":"closed","template":"","meta":{"_acf_changed":false,"footnotes":""},"class_list":["post-6001","page","type-page","status-publish","hentry"],"acf":[],"_links":{"self":[{"href":"https:\/\/powerup-at.s4.klixpert.dev\/es\/wp-json\/wp\/v2\/pages\/6001","targetHints":{"allow":["GET"]}}],"collection":[{"href":"https:\/\/powerup-at.s4.klixpert.dev\/es\/wp-json\/wp\/v2\/pages"}],"about":[{"href":"https:\/\/powerup-at.s4.klixpert.dev\/es\/wp-json\/wp\/v2\/types\/page"}],"author":[{"embeddable":true,"href":"https:\/\/powerup-at.s4.klixpert.dev\/es\/wp-json\/wp\/v2\/users\/1"}],"replies":[{"embeddable":true,"href":"https:\/\/powerup-at.s4.klixpert.dev\/es\/wp-json\/wp\/v2\/comments?post=6001"}],"version-history":[{"count":0,"href":"https:\/\/powerup-at.s4.klixpert.dev\/es\/wp-json\/wp\/v2\/pages\/6001\/revisions"}],"up":[{"embeddable":true,"href":"https:\/\/powerup-at.s4.klixpert.dev\/es\/wp-json\/wp\/v2\/pages\/6008"}],"wp:attachment":[{"href":"https:\/\/powerup-at.s4.klixpert.dev\/es\/wp-json\/wp\/v2\/media?parent=6001"}],"curies":[{"name":"wp","href":"https:\/\/api.w.org\/{rel}","templated":true}]}}